{"id":119,"date":"2021-07-11T15:47:42","date_gmt":"2021-07-11T15:47:42","guid":{"rendered":"https:\/\/wellness.dorosh.net\/?page_id=24"},"modified":"2021-08-08T10:53:53","modified_gmt":"2021-08-08T08:53:53","slug":"about","status":"publish","type":"page","link":"https:\/\/wellness-asset.com\/index.php\/en\/about\/","title":{"rendered":"About"},"content":{"rendered":"<p>[vc_row row_type=\u00a0\u00bbrow\u00a0\u00bb use_row_as_full_screen_section=\u00a0\u00bbno\u00a0\u00bb type=\u00a0\u00bbfull_width\u00a0\u00bb text_align=\u00a0\u00bbleft\u00a0\u00bb css_animation=\u00a0\u00bb\u00a0\u00bb box_shadow_on_row=\u00a0\u00bbno\u00a0\u00bb][vc_column][vc_column_text]<\/p>\n<h2 style=\"text-align: center;\"><span class=\"VIiyi\" lang=\"fr\"><span class=\"JLqJ4b ChMk0b\" data-language-for-alternatives=\"fr\" data-language-to-translate-into=\"en\" data-phrase-index=\"0\">VALUES<\/span><\/span><\/h2>\n<div class=\"notranslate\" style=\"all: initial;\"><\/div>\n<p>[\/vc_column_text][\/vc_column][\/vc_row][vc_row row_type=\u00a0\u00bbrow\u00a0\u00bb use_row_as_full_screen_section=\u00a0\u00bbno\u00a0\u00bb type=\u00a0\u00bbgrid\u00a0\u00bb text_align=\u00a0\u00bbleft\u00a0\u00bb padding_top=\u00a0\u00bb50&Prime; padding_bottom=\u00a0\u00bb50&Prime; css_animation=\u00a0\u00bb\u00a0\u00bb box_shadow_on_row=\u00a0\u00bbno\u00a0\u00bb el_class=\u00a0\u00bbflex\u00a0\u00bb][vc_column width=\u00a0\u00bb1\/3&Prime; el_class=\u00a0\u00bbflex\u00a0\u00bb][vc_column_text]<\/p>\n<h5 style=\"text-align: right;\">INTEGRITY<\/h5>\n<p style=\"text-align: right;\">Transparency, client best interest, respecting contract and deadlines<\/p>\n<p>[\/vc_column_text][vc_column_text]<\/p>\n<h5 style=\"text-align: right;\">EXCELLENCE<\/h5>\n<p style=\"text-align: right;\">DNA in luxury service, My work is reliable and detailed oriented<\/p>\n<p>[\/vc_column_text][vc_column_text]<\/p>\n<h5 style=\"text-align: right;\">RESPECT<\/h5>\n<p style=\"text-align: right;\">Open to different cultures and background, respect should always be in middle of all interaction<\/p>\n<p>[\/vc_column_text][\/vc_column][vc_column width=\u00a0\u00bb1\/3&Prime; offset=\u00a0\u00bbvc_hidden-sm vc_hidden-xs\u00a0\u00bb][vc_single_image image=\u00a0\u00bb226&Prime; img_size=\u00a0\u00bbfull\u00a0\u00bb alignment=\u00a0\u00bbcenter\u00a0\u00bb qode_hover_animation=\u00a0\u00bb\u00a0\u00bb qode_css_animation=\u00a0\u00bb\u00a0\u00bb css=\u00a0\u00bb.vc_custom_1627251781162{padding-top: 10px !important;padding-bottom: 40px !important;}\u00a0\u00bb][\/vc_column][vc_column width=\u00a0\u00bb1\/3&Prime; el_class=\u00a0\u00bbflex\u00a0\u00bb][vc_column_text]<\/p>\n<h5 style=\"text-align: left;\">FAMILY<\/h5>\n<p style=\"text-align: left;\">As with my family, my business partners become a new family where we stand for each others<\/p>\n<p>[\/vc_column_text][vc_column_text]<\/p>\n<h5 style=\"text-align: left;\">INNOVATION<\/h5>\n<p style=\"text-align: left;\">Keeping a close eye to any new products, ideas, services, I overview the industry changes for my client\u2019s benefit<\/p>\n<p>[\/vc_column_text][vc_column_text]<\/p>\n<h5 style=\"text-align: left;\">ADAPTABILITY<\/h5>\n<p style=\"text-align: left;\">A construction or a project are always facing challenges, delays or environment changes, A responsive positive attitude is needed<\/p>\n<p>[\/vc_column_text][\/vc_column][\/vc_row][vc_row row_type=\u00a0\u00bbrow\u00a0\u00bb use_row_as_full_screen_section=\u00a0\u00bbno\u00a0\u00bb type=\u00a0\u00bbfull_width\u00a0\u00bb text_align=\u00a0\u00bbleft\u00a0\u00bb css_animation=\u00a0\u00bb\u00a0\u00bb box_shadow_on_row=\u00a0\u00bbno\u00a0\u00bb][vc_column][vc_column_text css=\u00a0\u00bb.vc_custom_1627860357873{padding-bottom: 50px !important;}\u00a0\u00bb]<\/p>\n<h2 style=\"text-align: center;\"><span class=\"VIiyi\" lang=\"fr\"><span class=\"JLqJ4b ChMk0b\" data-language-for-alternatives=\"fr\" data-language-to-translate-into=\"en\" data-phrase-index=\"0\">CAREER<\/span><\/span><\/h2>\n<p>[\/vc_column_text][\/vc_column][\/vc_row][vc_row row_type=\u00a0\u00bbrow\u00a0\u00bb use_row_as_full_screen_section=\u00a0\u00bbno\u00a0\u00bb type=\u00a0\u00bbgrid\u00a0\u00bb text_align=\u00a0\u00bbleft\u00a0\u00bb css_animation=\u00a0\u00bb\u00a0\u00bb box_shadow_on_row=\u00a0\u00bbno\u00a0\u00bb][vc_column width=\u00a0\u00bb1\/3&Prime;][vc_single_image image=\u00a0\u00bb181&Prime; img_size=\u00a0\u00bbfull\u00a0\u00bb alignment=\u00a0\u00bbcenter\u00a0\u00bb qode_hover_animation=\u00a0\u00bb\u00a0\u00bb qode_css_animation=\u00a0\u00bb\u00a0\u00bb][\/vc_column][vc_column width=\u00a0\u00bb2\/3&Prime;][vc_separator type=\u00a0\u00bbtransparent\u00a0\u00bb thickness=\u00a0\u00bb30&Prime; up_style=\u00a0\u00bbpx\u00a0\u00bb down_style=\u00a0\u00bbpx\u00a0\u00bb][vc_column_text]<span lang=\"en-US\"><b>Philippe MAGNE is a graduate of the Lausanne Hotel Management School (\u00c9cole h\u00f4teli\u00e8re de Lausanne). <\/b><\/span><span lang=\"en-US\"> He started his career in Xian, China, with the hotel group Hyatt. In 2001 Philippe joined the company Holmes Place, Geneva, and obtained his first management position at the luxury fitness center. <\/span><\/p>\n<p><span lang=\"en-US\">Between 2004 and 2007 he worked for the most popular international luxury hotel chains: he was in charge of commercial development at the Spa of Madinat Jumeirah in Duba\u00ef, then the Wellness Manager of Montreux Palace with the Raffles group. In 2007 Philippe MAGNE became Director of Operations of the Swiss brand of luxury cosmetics L-Raphael in Geneva. In charge of the luxury beauty Institut in Geneva, he was also responsible for the distribution of the brand to the prestige luxury hotels, in addition he organised the opening of the Chalet L-Raphael in Verbier. Two years later he became Director of Spa at the Crans Ambassador Hotel &amp; Spa in Switzerland. In this position, he was able for the first time to instigate renovation and the creation of a wellness concept.<\/span>[\/vc_column_text][\/vc_column][\/vc_row][vc_row row_type=\u00a0\u00bbrow\u00a0\u00bb use_row_as_full_screen_section=\u00a0\u00bbno\u00a0\u00bb type=\u00a0\u00bbgrid\u00a0\u00bb text_align=\u00a0\u00bbleft\u00a0\u00bb css_animation=\u00a0\u00bb\u00a0\u00bb box_shadow_on_row=\u00a0\u00bbno\u00a0\u00bb][vc_column width=\u00a0\u00bb2\/3&Prime;][vc_separator type=\u00a0\u00bbtransparent\u00a0\u00bb thickness=\u00a0\u00bb30&Prime; up_style=\u00a0\u00bbpx\u00a0\u00bb down_style=\u00a0\u00bbpx\u00a0\u00bb][vc_column_text]<span lang=\"en-US\">In 2011 Philippe obtained the position of General Manager of the Thermes Parc Resort in Switzerland, a thermal complex welcoming more than 100 000 visitors per year, with two restaurants and more than 140 apartments to manage. In the last few years he has created \u00ab doyouspa \u00bb, a company specializing in seminars and training in this profession. In 2012 he has also participated in many international conferences as a speaker and collaborated in the writing of a book on management of spas with the Lausanne hotel management school (EHL). <\/span><\/p>\n<p>&nbsp;<\/p>\n<p><span lang=\"en-US\">Having more than 20 years of experience in the domain of<\/span><b> <\/b><span lang=\"en-US\">Spa and luxury hotels, Philippe MAGNE spent the last 5 years, as director of operations for the COMPAGNIE DE VICHY and for VICHY SPA INTERNATIONAL. <\/span>[\/vc_column_text][\/vc_column][vc_column width=\u00a0\u00bb1\/3&Prime;][vc_single_image image=\u00a0\u00bb179&Prime; img_size=\u00a0\u00bbfull\u00a0\u00bb alignment=\u00a0\u00bbcenter\u00a0\u00bb qode_hover_animation=\u00a0\u00bb\u00a0\u00bb qode_css_animation=\u00a0\u00bb\u00a0\u00bb][\/vc_column][\/vc_row][vc_row row_type=\u00a0\u00bbrow\u00a0\u00bb use_row_as_full_screen_section=\u00a0\u00bbno\u00a0\u00bb type=\u00a0\u00bbgrid\u00a0\u00bb text_align=\u00a0\u00bbleft\u00a0\u00bb css_animation=\u00a0\u00bb\u00a0\u00bb box_shadow_on_row=\u00a0\u00bbno\u00a0\u00bb][vc_column width=\u00a0\u00bb1\/3&Prime;][vc_single_image image=\u00a0\u00bb180&Prime; img_size=\u00a0\u00bbfull\u00a0\u00bb alignment=\u00a0\u00bbcenter\u00a0\u00bb qode_hover_animation=\u00a0\u00bb\u00a0\u00bb qode_css_animation=\u00a0\u00bb\u00a0\u00bb][\/vc_column][vc_column width=\u00a0\u00bb2\/3&Prime;][vc_separator type=\u00a0\u00bbtransparent\u00a0\u00bb thickness=\u00a0\u00bb30&Prime; up_style=\u00a0\u00bbpx\u00a0\u00bb down_style=\u00a0\u00bbpx\u00a0\u00bb][vc_column_text]<span lang=\"en-US\">The company Vichy Spa International (VSI), created in 2008, is a 100% subsidiary of the Compagnie de Vichy<\/span><span lang=\"en-US\"><b>,<\/b><\/span><span lang=\"en-US\"> its purpose is to enhance the expertise of the Compagnie de Vichy assisting investors interested in the development of Thermal Medical Spa Hotels both in France and abroad. Finally, VSI proposes the signing of a contract of commercial assistance and the license to use the brand names 5* VICHY C\u00c9LESTINS SPA H\u00d4TEL or 4* VICHY THERMALIA SPA H\u00d4TEL, either under management contract or through a franchise agreement. <\/span><\/p>\n<p><span lang=\"en-US\">From 2016 to 2019, Philippe Magne has overviewed three openings with a total investment budget of 200 millions USD. From 2018, He was responsible for the highest quality standards and hotels performance, overviewing all aspects of the management. <\/span><\/p>\n<p><span lang=\"en-US\">From summer 2021, Philippe Magne is offering consulting missions through his company WELLNESS ASSET, for investors looking at business through the wellness angle, in partnerships with several key consultants bringing a high level of competencies to the project success. <\/span>[\/vc_column_text][\/vc_column][\/vc_row][vc_row row_type=\u00a0\u00bbrow\u00a0\u00bb use_row_as_full_screen_section=\u00a0\u00bbno\u00a0\u00bb type=\u00a0\u00bbfull_width\u00a0\u00bb text_align=\u00a0\u00bbleft\u00a0\u00bb css_animation=\u00a0\u00bb\u00a0\u00bb box_shadow_on_row=\u00a0\u00bbno\u00a0\u00bb][vc_column][vc_column_text css=\u00a0\u00bb.vc_custom_1628262798265{padding-top: 50px !important;}\u00a0\u00bb]<\/p>\n<h2 style=\"text-align: center;\"><span class=\"VIiyi\" lang=\"fr\"><span class=\"JLqJ4b ChMk0b\" data-language-for-alternatives=\"fr\" data-language-to-translate-into=\"en\" data-phrase-index=\"0\">ACHIEVED PROJECTS<\/span><\/span><\/h2>\n<p>[\/vc_column_text][\/vc_column][\/vc_row][vc_row row_type=\u00a0\u00bbrow\u00a0\u00bb use_row_as_full_screen_section=\u00a0\u00bbno\u00a0\u00bb type=\u00a0\u00bbfull_width\u00a0\u00bb text_align=\u00a0\u00bbleft\u00a0\u00bb padding_top=\u00a0\u00bb50&Prime; css_animation=\u00a0\u00bb\u00a0\u00bb box_shadow_on_row=\u00a0\u00bbno\u00a0\u00bb][vc_column][no_elements_holder number_of_columns=\u00a0\u00bbthree_columns\u00a0\u00bb][no_elements_holder_item aligment=\u00a0\u00bbleft\u00a0\u00bb vertical_alignment=\u00a0\u00bbtop\u00a0\u00bb animation_name=\u00a0\u00bbfade_in\u00a0\u00bb animation_delay=\u00a0\u00bb200&Prime; advanced_animations=\u00a0\u00bbno\u00a0\u00bb][vc_gallery interval=\u00a0\u00bb3&Prime; images=\u00a0\u00bb164,174&Prime; img_size=\u00a0\u00bblarge\u00a0\u00bb disable_navigation_arrows=\u00a0\u00bbyes\u00a0\u00bb show_navigation_controls=\u00a0\u00bbyes\u00a0\u00bb][vc_separator type=\u00a0\u00bbtransparent\u00a0\u00bb thickness=\u00a0\u00bb30&Prime; up_style=\u00a0\u00bbpx\u00a0\u00bb down_style=\u00a0\u00bbpx\u00a0\u00bb][vc_column_text]<img loading=\"lazy\" class=\"size-full wp-image-159 aligncenter\" src=\"https:\/\/wellness-asset.com\/wp-content\/uploads\/2021\/07\/about-spa-hotel.png\" alt=\"\" width=\"343\" height=\"111\" srcset=\"https:\/\/wellness-asset.com\/wp-content\/uploads\/2021\/07\/about-spa-hotel.png 343w, https:\/\/wellness-asset.com\/wp-content\/uploads\/2021\/07\/about-spa-hotel-300x97.png 300w\" sizes=\"(max-width: 343px) 100vw, 343px\" \/><\/p>\n<p style=\"text-align: center;\">Bouznika-Casablanca<\/p>\n<p style=\"text-align: center;\">5 Stars<\/p>\n<p style=\"text-align: center;\">130 keys<\/p>\n<p style=\"text-align: center;\">3400 m\u00b2 wellness clinic<\/p>\n<p style=\"text-align: center;\">Golf<\/p>\n<p style=\"text-align: center;\">2 restaurants<\/p>\n<div class=\"notranslate\" style=\"all: initial;\"><\/div>\n<p>[\/vc_column_text][vc_separator type=\u00a0\u00bbtransparent\u00a0\u00bb thickness=\u00a0\u00bb30&Prime; up_style=\u00a0\u00bbpx\u00a0\u00bb down_style=\u00a0\u00bbpx\u00a0\u00bb][\/no_elements_holder_item][no_elements_holder_item aligment=\u00a0\u00bbleft\u00a0\u00bb vertical_alignment=\u00a0\u00bbtop\u00a0\u00bb animation_name=\u00a0\u00bbfade_in\u00a0\u00bb animation_delay=\u00a0\u00bb400&Prime; advanced_animations=\u00a0\u00bbno\u00a0\u00bb][vc_gallery interval=\u00a0\u00bb3&Prime; images=\u00a0\u00bb165,175&Prime; img_size=\u00a0\u00bblarge\u00a0\u00bb disable_navigation_arrows=\u00a0\u00bbyes\u00a0\u00bb show_navigation_controls=\u00a0\u00bbyes\u00a0\u00bb][vc_separator type=\u00a0\u00bbtransparent\u00a0\u00bb thickness=\u00a0\u00bb30&Prime; up_style=\u00a0\u00bbpx\u00a0\u00bb down_style=\u00a0\u00bbpx\u00a0\u00bb][vc_column_text]<img loading=\"lazy\" class=\"size-full wp-image-160 aligncenter\" src=\"https:\/\/wellness-asset.com\/wp-content\/uploads\/2021\/07\/about-term-spa-hotel.png\" alt=\"\" width=\"343\" height=\"111\" srcset=\"https:\/\/wellness-asset.com\/wp-content\/uploads\/2021\/07\/about-term-spa-hotel.png 343w, https:\/\/wellness-asset.com\/wp-content\/uploads\/2021\/07\/about-term-spa-hotel-300x97.png 300w\" sizes=\"(max-width: 343px) 100vw, 343px\" \/><\/p>\n<p style=\"text-align: center;\">Moulay Yacoub &#8211; F\u00e8s<\/p>\n<p style=\"text-align: center;\">4 Stars<\/p>\n<p style=\"text-align: center;\">100 keys<\/p>\n<p style=\"text-align: center;\">6000 m\u00b2 thermal center<\/p>\n<p style=\"text-align: center;\">1 restaurant<\/p>\n<p>[\/vc_column_text][vc_separator type=\u00a0\u00bbtransparent\u00a0\u00bb thickness=\u00a0\u00bb30&Prime; up_style=\u00a0\u00bbpx\u00a0\u00bb down_style=\u00a0\u00bbpx\u00a0\u00bb][\/no_elements_holder_item][no_elements_holder_item aligment=\u00a0\u00bbleft\u00a0\u00bb vertical_alignment=\u00a0\u00bbtop\u00a0\u00bb animation_name=\u00a0\u00bbfade_in\u00a0\u00bb animation_delay=\u00a0\u00bb600&Prime; advanced_animations=\u00a0\u00bbno\u00a0\u00bb][vc_gallery interval=\u00a0\u00bb3&Prime; images=\u00a0\u00bb163,173&Prime; img_size=\u00a0\u00bblarge\u00a0\u00bb disable_navigation_arrows=\u00a0\u00bbyes\u00a0\u00bb show_navigation_controls=\u00a0\u00bbyes\u00a0\u00bb][vc_separator type=\u00a0\u00bbtransparent\u00a0\u00bb thickness=\u00a0\u00bb30&Prime; up_style=\u00a0\u00bbpx\u00a0\u00bb down_style=\u00a0\u00bbpx\u00a0\u00bb][vc_column_text]<img loading=\"lazy\" class=\"size-full wp-image-158 aligncenter\" src=\"https:\/\/wellness-asset.com\/wp-content\/uploads\/2021\/07\/about-health-care.png\" alt=\"\" width=\"343\" height=\"111\" srcset=\"https:\/\/wellness-asset.com\/wp-content\/uploads\/2021\/07\/about-health-care.png 343w, https:\/\/wellness-asset.com\/wp-content\/uploads\/2021\/07\/about-health-care-300x97.png 300w\" sizes=\"(max-width: 343px) 100vw, 343px\" \/><\/p>\n<p style=\"text-align: center;\">Salwa &#8211; Qatar<\/p>\n<p style=\"text-align: center;\">5 Stars<\/p>\n<p style=\"text-align: center;\">78 keys<\/p>\n<p style=\"text-align: center;\">99 villas<\/p>\n<p style=\"text-align: center;\">3400 m\u00b2 Health Center<\/p>\n<p style=\"text-align: center;\">Specialized in diabetes prevention<\/p>\n<p>[\/vc_column_text][vc_separator type=\u00a0\u00bbtransparent\u00a0\u00bb thickness=\u00a0\u00bb30&Prime; up_style=\u00a0\u00bbpx\u00a0\u00bb down_style=\u00a0\u00bbpx\u00a0\u00bb][\/no_elements_holder_item][\/no_elements_holder][\/vc_column][\/vc_row]<\/p>\n","protected":false},"excerpt":{"rendered":"<p>[vc_row row_type=\u00a0\u00bbrow\u00a0\u00bb use_row_as_full_screen_section=\u00a0\u00bbno\u00a0\u00bb type=\u00a0\u00bbfull_width\u00a0\u00bb text_align=\u00a0\u00bbleft\u00a0\u00bb css_animation=\u00a0\u00bb\u00a0\u00bb box_shadow_on_row=\u00a0\u00bbno\u00a0\u00bb][vc_column][vc_column_text] VALUES [\/vc_column_text][\/vc_column][\/vc_row][vc_row row_type=\u00a0\u00bbrow\u00a0\u00bb use_row_as_full_screen_section=\u00a0\u00bbno\u00a0\u00bb type=\u00a0\u00bbgrid\u00a0\u00bb text_align=\u00a0\u00bbleft\u00a0\u00bb padding_top=\u00a0\u00bb50&Prime; padding_bottom=\u00a0\u00bb50&Prime; css_animation=\u00a0\u00bb\u00a0\u00bb box_shadow_on_row=\u00a0\u00bbno\u00a0\u00bb el_class=\u00a0\u00bbflex\u00a0\u00bb][vc_column width=\u00a0\u00bb1\/3&Prime; el_class=\u00a0\u00bbflex\u00a0\u00bb][vc_column_text] INTEGRITY Transparency, client best interest, respecting contract and deadlines [\/vc_column_text][vc_column_text] EXCELLENCE DNA in luxury service, My work is reliable and detailed oriented [\/vc_column_text][vc_column_text] RESPECT Open&#8230;<\/p>\n","protected":false},"author":2,"featured_media":0,"parent":0,"menu_order":0,"comment_status":"closed","ping_status":"closed","template":"","meta":[],"_links":{"self":[{"href":"https:\/\/wellness-asset.com\/index.php\/wp-json\/wp\/v2\/pages\/119"}],"collection":[{"href":"https:\/\/wellness-asset.com\/index.php\/wp-json\/wp\/v2\/pages"}],"about":[{"href":"https:\/\/wellness-asset.com\/index.php\/wp-json\/wp\/v2\/types\/page"}],"author":[{"embeddable":true,"href":"https:\/\/wellness-asset.com\/index.php\/wp-json\/wp\/v2\/users\/2"}],"replies":[{"embeddable":true,"href":"https:\/\/wellness-asset.com\/index.php\/wp-json\/wp\/v2\/comments?post=119"}],"version-history":[{"count":11,"href":"https:\/\/wellness-asset.com\/index.php\/wp-json\/wp\/v2\/pages\/119\/revisions"}],"predecessor-version":[{"id":548,"href":"https:\/\/wellness-asset.com\/index.php\/wp-json\/wp\/v2\/pages\/119\/revisions\/548"}],"wp:attachment":[{"href":"https:\/\/wellness-asset.com\/index.php\/wp-json\/wp\/v2\/media?parent=119"}],"curies":[{"name":"wp","href":"https:\/\/api.w.org\/{rel}","templated":true}]}}