{"id":132,"date":"2021-07-17T13:43:00","date_gmt":"2021-07-17T11:43:00","guid":{"rendered":"https:\/\/wellness-asset.com\/?page_id=132"},"modified":"2021-10-31T13:26:28","modified_gmt":"2021-10-31T12:26:28","slug":"service","status":"publish","type":"page","link":"https:\/\/wellness-asset.com\/index.php\/fr\/service\/","title":{"rendered":"Services"},"content":{"rendered":"<p>[vc_row row_type=\u00a0\u00bbrow\u00a0\u00bb use_row_as_full_screen_section=\u00a0\u00bbno\u00a0\u00bb type=\u00a0\u00bbgrid\u00a0\u00bb text_align=\u00a0\u00bbcenter\u00a0\u00bb css_animation=\u00a0\u00bb\u00a0\u00bb box_shadow_on_row=\u00a0\u00bbno\u00a0\u00bb][vc_column width=\u00a0\u00bb1\/3&Prime;]<span class=\"q_icon_shade q_icon_shortcode font_awesome circle pull-center animation_border_out \"  style=\"border-width: 1px; border-style:solid;margin: 20px auto;line-height:55px;width:55px;height:55px;\"><a href=\"https:\/\/wellness-asset.com\/index.php\/fr\/service\/consulting-wellness\/\" target=\"_self\"  ><i class=\"qode_icon_font_awesome fa fa-comments-o \" style=\"vertical-align:bottom;line-height:55px;font-size: 32px; \" ><\/i><span class=\"animation_overlay\" style=\"width: 55px;height: 55px;\"><\/span><\/a><\/span>[vc_column_text]<\/p>\n<h3 style=\"text-align: center;\"><a href=\"https:\/\/wellness-asset.com\/index.php\/fr\/service\/consulting-wellness\/\">CONSULTING WELLNESS<\/a><\/h3>\n<p>[\/vc_column_text][vc_column_text]<\/p>\n<p style=\"text-align: center;\">Transformer la vision en r\u00e9alit\u00e9.<\/p>\n<p style=\"text-align: center;\">Du positionnement m\u00e9dical \u00e0 l\u2019approche holistique.<\/p>\n<p style=\"text-align: center;\">De l\u2019id\u00e9e \u00e0 l\u2019ouverture.<\/p>\n<p>[\/vc_column_text]<a href=\"https:\/\/wellness-asset.com\/index.php\/fr\/service\/consulting-wellness\/\" target=\"_self\"  class=\"qbutton  small icon_right\" style=\"margin: 20px auto 20px auto; \">Lire la suite<\/a>[vc_single_image image=\u00a0\u00bb580&Prime; img_size=\u00a0\u00bbfull\u00a0\u00bb alignment=\u00a0\u00bbcenter\u00a0\u00bb qode_hover_animation=\u00a0\u00bb\u00a0\u00bb qode_css_animation=\u00a0\u00bb\u00a0\u00bb][vc_separator type=\u00a0\u00bbtransparent\u00a0\u00bb thickness=\u00a0\u00bb30&Prime; up_style=\u00a0\u00bbpx\u00a0\u00bb down_style=\u00a0\u00bbpx\u00a0\u00bb][\/vc_column][vc_column width=\u00a0\u00bb1\/3&Prime;]<span class=\"q_icon_shade q_icon_shortcode font_awesome circle pull-center animation_border_out \"  style=\"border-width: 1px; border-style:solid;margin: 20px auto;line-height:55px;width:55px;height:55px;\"><a href=\"https:\/\/wellness-asset.com\/index.php\/fr\/service\/assistance-technique-et-equipement\/\" target=\"_self\"  ><i class=\"qode_icon_font_awesome fa fa-cogs \" style=\"vertical-align:bottom;line-height:55px;font-size: 32px; \" ><\/i><span class=\"animation_overlay\" style=\"width: 55px;height: 55px;\"><\/span><\/a><\/span>[vc_column_text]<\/p>\n<h3 class=\"icon_title\" style=\"text-align: center;\"><a href=\"https:\/\/wellness-asset.com\/index.php\/fr\/service\/assistance-technique-et-equipement\/\">ASSISTANCE TECHNIQUE ET \u00c8QUIPEMENT<\/a><\/h3>\n<p>[\/vc_column_text][vc_column_text]<\/p>\n<p style=\"text-align: center;\">Gestion de l\u2019espace, expertise technique,<\/p>\n<p style=\"text-align: center;\">standards haut de gamme,<\/p>\n<p style=\"text-align: center;\">garantie de qualit\u00e9 des \u00e9quipements.<\/p>\n<p>[\/vc_column_text]<a href=\"https:\/\/wellness-asset.com\/index.php\/fr\/service\/assistance-technique-et-equipement\/\" target=\"_self\"  class=\"qbutton  small icon_right\" style=\"margin: 20px auto 20px auto; \">Lire la suite<\/a>[vc_single_image image=\u00a0\u00bb278&Prime; img_size=\u00a0\u00bbfull\u00a0\u00bb alignment=\u00a0\u00bbcenter\u00a0\u00bb qode_hover_animation=\u00a0\u00bb\u00a0\u00bb qode_css_animation=\u00a0\u00bb\u00a0\u00bb][vc_separator type=\u00a0\u00bbtransparent\u00a0\u00bb thickness=\u00a0\u00bb30&Prime; up_style=\u00a0\u00bbpx\u00a0\u00bb down_style=\u00a0\u00bbpx\u00a0\u00bb][\/vc_column][vc_column width=\u00a0\u00bb1\/3&Prime;]<span class=\"q_icon_shade q_icon_shortcode font_awesome circle pull-center animation_border_out \"  style=\"border-width: 1px; border-style:solid;margin: 20px auto;line-height:55px;width:55px;height:55px;\"><a href=\"https:\/\/wellness-asset.com\/index.php\/fr\/service\/operation-hotellerie\/\" target=\"_self\"  ><i class=\"qode_icon_font_awesome fa fa-line-chart \" style=\"vertical-align:bottom;line-height:55px;font-size: 32px; \" ><\/i><span class=\"animation_overlay\" style=\"width: 55px;height: 55px;\"><\/span><\/a><\/span>[vc_column_text]<\/p>\n<h3 class=\"icon_title\" style=\"text-align: center;\"><a href=\"https:\/\/wellness-asset.com\/index.php\/fr\/service\/operation-hotellerie\/\">OPERATION &amp; H\u00d4TELLERIE<\/a><\/h3>\n<p>[\/vc_column_text][vc_column_text]<\/p>\n<p style=\"text-align: center;\">Analyse de la performance<\/p>\n<p style=\"text-align: center;\">Pr\u00e9conisation des changements<\/p>\n<p style=\"text-align: center;\">Mise en place d\u2019un plan d\u2019action<\/p>\n<p>[\/vc_column_text]<a href=\"https:\/\/wellness-asset.com\/index.php\/fr\/service\/operation-hotellerie\/\" target=\"_self\"  class=\"qbutton  small icon_right\" style=\"margin: 20px auto 20px auto; \">Lire la suite<\/a>[vc_single_image image=\u00a0\u00bb277&Prime; img_size=\u00a0\u00bbfull\u00a0\u00bb alignment=\u00a0\u00bbcenter\u00a0\u00bb qode_hover_animation=\u00a0\u00bb\u00a0\u00bb qode_css_animation=\u00a0\u00bb\u00a0\u00bb][vc_separator type=\u00a0\u00bbtransparent\u00a0\u00bb thickness=\u00a0\u00bb30&Prime; up_style=\u00a0\u00bbpx\u00a0\u00bb down_style=\u00a0\u00bbpx\u00a0\u00bb][\/vc_column][\/vc_row]<\/p>\n","protected":false},"excerpt":{"rendered":"<p>[vc_row row_type=\u00a0\u00bbrow\u00a0\u00bb use_row_as_full_screen_section=\u00a0\u00bbno\u00a0\u00bb type=\u00a0\u00bbgrid\u00a0\u00bb text_align=\u00a0\u00bbcenter\u00a0\u00bb css_animation=\u00a0\u00bb\u00a0\u00bb box_shadow_on_row=\u00a0\u00bbno\u00a0\u00bb][vc_column width=\u00a0\u00bb1\/3&Prime;][vc_column_text] CONSULTING WELLNESS [\/vc_column_text][vc_column_text] Transformer la vision en r\u00e9alit\u00e9. Du positionnement m\u00e9dical \u00e0 l\u2019approche holistique. De l\u2019id\u00e9e \u00e0 l\u2019ouverture. [\/vc_column_text][vc_single_image image=\u00a0\u00bb580&Prime; img_size=\u00a0\u00bbfull\u00a0\u00bb alignment=\u00a0\u00bbcenter\u00a0\u00bb qode_hover_animation=\u00a0\u00bb\u00a0\u00bb qode_css_animation=\u00a0\u00bb\u00a0\u00bb][vc_separator type=\u00a0\u00bbtransparent\u00a0\u00bb thickness=\u00a0\u00bb30&Prime; up_style=\u00a0\u00bbpx\u00a0\u00bb down_style=\u00a0\u00bbpx\u00a0\u00bb][\/vc_column][vc_column width=\u00a0\u00bb1\/3&Prime;][vc_column_text] ASSISTANCE TECHNIQUE ET \u00c8QUIPEMENT [\/vc_column_text][vc_column_text] Gestion de l\u2019espace,&#8230;<\/p>\n","protected":false},"author":2,"featured_media":0,"parent":0,"menu_order":0,"comment_status":"closed","ping_status":"closed","template":"full_width.php","meta":[],"_links":{"self":[{"href":"https:\/\/wellness-asset.com\/index.php\/wp-json\/wp\/v2\/pages\/132"}],"collection":[{"href":"https:\/\/wellness-asset.com\/index.php\/wp-json\/wp\/v2\/pages"}],"about":[{"href":"https:\/\/wellness-asset.com\/index.php\/wp-json\/wp\/v2\/types\/page"}],"author":[{"embeddable":true,"href":"https:\/\/wellness-asset.com\/index.php\/wp-json\/wp\/v2\/users\/2"}],"replies":[{"embeddable":true,"href":"https:\/\/wellness-asset.com\/index.php\/wp-json\/wp\/v2\/comments?post=132"}],"version-history":[{"count":31,"href":"https:\/\/wellness-asset.com\/index.php\/wp-json\/wp\/v2\/pages\/132\/revisions"}],"predecessor-version":[{"id":621,"href":"https:\/\/wellness-asset.com\/index.php\/wp-json\/wp\/v2\/pages\/132\/revisions\/621"}],"wp:attachment":[{"href":"https:\/\/wellness-asset.com\/index.php\/wp-json\/wp\/v2\/media?parent=132"}],"curies":[{"name":"wp","href":"https:\/\/api.w.org\/{rel}","templated":true}]}}