{"id":26,"date":"2021-07-11T15:49:55","date_gmt":"2021-07-11T15:49:55","guid":{"rendered":"https:\/\/wellness.dorosh.net\/?page_id=26"},"modified":"2021-10-31T13:36:37","modified_gmt":"2021-10-31T12:36:37","slug":"a-propos","status":"publish","type":"page","link":"https:\/\/wellness-asset.com\/index.php\/fr\/a-propos\/","title":{"rendered":"\u00c0 propos"},"content":{"rendered":"<p>[vc_row row_type=\u00a0\u00bbrow\u00a0\u00bb use_row_as_full_screen_section=\u00a0\u00bbno\u00a0\u00bb type=\u00a0\u00bbfull_width\u00a0\u00bb text_align=\u00a0\u00bbleft\u00a0\u00bb css_animation=\u00a0\u00bb\u00a0\u00bb box_shadow_on_row=\u00a0\u00bbno\u00a0\u00bb][vc_column][vc_column_text]<\/p>\n<h2 style=\"text-align: center;\"><span class=\"VIiyi\" lang=\"fr\"><span class=\"JLqJ4b ChMk0b\" data-language-for-alternatives=\"fr\" data-language-to-translate-into=\"en\" data-phrase-index=\"0\">VALEURS<\/span><\/span><\/h2>\n<div class=\"notranslate\" style=\"all: initial;\"><\/div>\n<p>[\/vc_column_text][\/vc_column][\/vc_row][vc_row row_type=\u00a0\u00bbrow\u00a0\u00bb use_row_as_full_screen_section=\u00a0\u00bbno\u00a0\u00bb type=\u00a0\u00bbgrid\u00a0\u00bb text_align=\u00a0\u00bbleft\u00a0\u00bb padding_top=\u00a0\u00bb50&Prime; padding_bottom=\u00a0\u00bb50&Prime; css_animation=\u00a0\u00bb\u00a0\u00bb box_shadow_on_row=\u00a0\u00bbno\u00a0\u00bb el_class=\u00a0\u00bbflex\u00a0\u00bb][vc_column width=\u00a0\u00bb1\/3&Prime; el_class=\u00a0\u00bbflex\u00a0\u00bb][vc_column_text]<\/p>\n<h5 style=\"text-align: right;\">INT\u00c9GRIT\u00c9<\/h5>\n<p style=\"text-align: right;\">Transparence, int\u00e9r\u00eat client, respect des d\u00e9lais et du contrat<\/p>\n<p>[\/vc_column_text][vc_column_text]<\/p>\n<h5 style=\"text-align: right;\">EXCELLENCE<\/h5>\n<p style=\"text-align: right;\">ADN de l\u2019h\u00f4tellerie du luxe, r\u00e9sultats d\u00e9taill\u00e9s et fiables<\/p>\n<p>[\/vc_column_text][vc_column_text]<\/p>\n<h5 style=\"text-align: right;\">RESPECT<\/h5>\n<p style=\"text-align: right;\">Ouvert aux diff\u00e9rentes cultures, le respect est toujours au centre des int\u00e9ractions<\/p>\n<p>[\/vc_column_text][\/vc_column][vc_column width=\u00a0\u00bb1\/3&Prime; offset=\u00a0\u00bbvc_hidden-sm vc_hidden-xs\u00a0\u00bb][vc_single_image image=\u00a0\u00bb226&Prime; img_size=\u00a0\u00bbfull\u00a0\u00bb alignment=\u00a0\u00bbcenter\u00a0\u00bb qode_hover_animation=\u00a0\u00bb\u00a0\u00bb qode_css_animation=\u00a0\u00bb\u00a0\u00bb css=\u00a0\u00bb.vc_custom_1627251781162{padding-top: 10px !important;padding-bottom: 40px !important;}\u00a0\u00bb][\/vc_column][vc_column width=\u00a0\u00bb1\/3&Prime; el_class=\u00a0\u00bbflex\u00a0\u00bb][vc_column_text]<\/p>\n<h5 style=\"text-align: left;\">FAMILLE<\/h5>\n<p style=\"text-align: left;\">Comme avec ma famille, mes clients deviennent de nouveaux membres, o\u00f9 l\u2019entraide et la solidarit\u00e9 sont importantes<\/p>\n<p>[\/vc_column_text][vc_column_text]<\/p>\n<h5 style=\"text-align: left;\">INNOVATION<\/h5>\n<p style=\"text-align: left;\">Gardant un \u0153il attentif aux produits, services et id\u00e9es \u00e9mergeant du \u00ab\u00a0 World Wellness\u00a0\u00bb, la vieille technologique est explor\u00e9e au b\u00e9n\u00e9fice de mes clients<\/p>\n<p>[\/vc_column_text][vc_column_text]<\/p>\n<h5 style=\"text-align: left;\">ADAPTABILIT\u00c9<\/h5>\n<p style=\"text-align: left;\">Une construction ou un projet rencontre toujours des impr\u00e9vus ou des retards . Face aux changements environnementaux, je m\u2019adapte avec une attitude positive.<\/p>\n<p>[\/vc_column_text][\/vc_column][\/vc_row][vc_row row_type=\u00a0\u00bbrow\u00a0\u00bb use_row_as_full_screen_section=\u00a0\u00bbno\u00a0\u00bb type=\u00a0\u00bbfull_width\u00a0\u00bb text_align=\u00a0\u00bbleft\u00a0\u00bb css_animation=\u00a0\u00bb\u00a0\u00bb box_shadow_on_row=\u00a0\u00bbno\u00a0\u00bb][vc_column][vc_column_text css=\u00a0\u00bb.vc_custom_1627252410522{padding-bottom: 50px !important;}\u00a0\u00bb]<\/p>\n<h2 style=\"text-align: center;\"><span class=\"VIiyi\" lang=\"fr\"><span class=\"JLqJ4b ChMk0b\" data-language-for-alternatives=\"fr\" data-language-to-translate-into=\"en\" data-phrase-index=\"0\">CARRI\u00c8RE<\/span><\/span><\/h2>\n<p>[\/vc_column_text][\/vc_column][\/vc_row][vc_row row_type=\u00a0\u00bbrow\u00a0\u00bb use_row_as_full_screen_section=\u00a0\u00bbno\u00a0\u00bb type=\u00a0\u00bbgrid\u00a0\u00bb text_align=\u00a0\u00bbleft\u00a0\u00bb css_animation=\u00a0\u00bb\u00a0\u00bb box_shadow_on_row=\u00a0\u00bbno\u00a0\u00bb][vc_column width=\u00a0\u00bb1\/3&Prime;][vc_single_image image=\u00a0\u00bb181&Prime; img_size=\u00a0\u00bbfull\u00a0\u00bb alignment=\u00a0\u00bbcenter\u00a0\u00bb qode_hover_animation=\u00a0\u00bb\u00a0\u00bb qode_css_animation=\u00a0\u00bb\u00a0\u00bb][\/vc_column][vc_column width=\u00a0\u00bb2\/3&Prime;][vc_separator type=\u00a0\u00bbtransparent\u00a0\u00bb thickness=\u00a0\u00bb30&Prime; up_style=\u00a0\u00bbpx\u00a0\u00bb down_style=\u00a0\u00bbpx\u00a0\u00bb][vc_column_text]Dipl\u00f4m\u00e9 de <b>l\u2019\u00c9cole<\/b> <b>h\u00f4teli\u00e8re<\/b><b> de Lausanne<\/b>, Philippe a commenc\u00e9 sa carri\u00e8re en <b>Chine che<\/b><b>z Hyatt<\/b>. Sentant l\u2019attrait grandissant du sport, Il rentre dans le management chez Holmes Place Gen\u00e8ve, <b>cha\u00eene<\/b><b> de fitness <\/b>anglaise, dans un club premium de plus de 5000 membres. Il s\u2019envole en 2005 pour Duba\u00ef, rejoindre le groupe Jumeirah en tant que business development Manager du spa du <b>Madinat Jumeirah<\/b>, puis rejoint le <b>groupe<\/b><b> Raffles <\/b>\u00e0 Montreux en tant que Wellness Manager. Recrut\u00e9 par L-Raphael, <b>spa <\/b><b>m\u00e9dical<\/b><b> de luxe <\/b>de Gen\u00e8ve, Philippe prend en charge la distribution des cosm\u00e9tiques dans les resorts, ainsi que la supervision du centre de Gen\u00e8ve et du Chalet L-Raphael de Verbier.[\/vc_column_text][\/vc_column][\/vc_row][vc_row row_type=\u00a0\u00bbrow\u00a0\u00bb use_row_as_full_screen_section=\u00a0\u00bbno\u00a0\u00bb type=\u00a0\u00bbgrid\u00a0\u00bb text_align=\u00a0\u00bbleft\u00a0\u00bb css_animation=\u00a0\u00bb\u00a0\u00bb box_shadow_on_row=\u00a0\u00bbno\u00a0\u00bb][vc_column width=\u00a0\u00bb2\/3&Prime;][vc_separator type=\u00a0\u00bbtransparent\u00a0\u00bb thickness=\u00a0\u00bb30&Prime; up_style=\u00a0\u00bbpx\u00a0\u00bb down_style=\u00a0\u00bbpx\u00a0\u00bb][vc_column_text]En 2009, il g\u00e8re sa premi\u00e8re exp\u00e9rience de <b>conceptualisation<\/b><b> et de r\u00e9novation d\u2019un 5 \u00e9toiles <\/b>\u00e0 Crans Montana. Puis il se voit offert le poste de <b>directeur<\/b><b> g\u00e9n\u00e9ral d\u2019un <\/b><b>complexe<\/b> <b>thermal<\/b> comprenant 100 000 visiteurs par an dans les bains, 140 appartements en location, deux restaurants et un spa.<\/p>\n<p>&nbsp;<\/p>\n<p>Fort de cette sp\u00e9cialisation dans les domaines du Wellness, il est approch\u00e9 pour <b>co-<\/b><b>\u00e9crire<\/b><b> un <\/b><b>ouv<\/b><b>rage<\/b> sur le management de spa avec l\u2019EHL (Gestion de spa,Ed De Boeck 2012) et en profite pour cr\u00e9er Doyouspa, soci\u00e9t\u00e9 sp\u00e9cialis\u00e9e dans la formation des cadres h\u00f4teliers et \u00e9tudiants sur les m\u00e9tiers du spa.[\/vc_column_text][\/vc_column][vc_column width=\u00a0\u00bb1\/3&Prime;][vc_single_image image=\u00a0\u00bb179&Prime; img_size=\u00a0\u00bbfull\u00a0\u00bb alignment=\u00a0\u00bbcenter\u00a0\u00bb qode_hover_animation=\u00a0\u00bb\u00a0\u00bb qode_css_animation=\u00a0\u00bb\u00a0\u00bb][\/vc_column][\/vc_row][vc_row row_type=\u00a0\u00bbrow\u00a0\u00bb use_row_as_full_screen_section=\u00a0\u00bbno\u00a0\u00bb type=\u00a0\u00bbgrid\u00a0\u00bb text_align=\u00a0\u00bbleft\u00a0\u00bb css_animation=\u00a0\u00bb\u00a0\u00bb box_shadow_on_row=\u00a0\u00bbno\u00a0\u00bb][vc_column width=\u00a0\u00bb1\/3&Prime;][vc_single_image image=\u00a0\u00bb180&Prime; img_size=\u00a0\u00bbfull\u00a0\u00bb alignment=\u00a0\u00bbcenter\u00a0\u00bb qode_hover_animation=\u00a0\u00bb\u00a0\u00bb qode_css_animation=\u00a0\u00bb\u00a0\u00bb][\/vc_column][vc_column width=\u00a0\u00bb2\/3&Prime;][vc_separator type=\u00a0\u00bbtransparent\u00a0\u00bb thickness=\u00a0\u00bb30&Prime; up_style=\u00a0\u00bbpx\u00a0\u00bb down_style=\u00a0\u00bbpx\u00a0\u00bb][vc_column_text]Avec plus de 20 ans d\u2019exp\u00e9rience, Philippe a pass\u00e9 5 ans de 2016 \u00e0 2021, en tant que directeur des op\u00e9rations de Vichy Spa International, filiale de la Compagnie de Vichy, pour l\u2019ouverture et l\u2019exploitation de 3 resorts internationaux, notamment au Maroc et au Qatar pour plus de 200 millions $ d\u2019investissement global. Assistant les investisseurs dans le d\u00e9veloppement de resorts au positionnement sant\u00e9\/m\u00e9dical, Philippe g\u00e9rait \u00e0 la fois des contrats de management et de franchise, allant de l\u2019assistance de la maitrise d\u2019ouvrage \u00e0 l\u2019exploitation quotidienne.<\/p>\n<p>&nbsp;<\/p>\n<p>D\u00e9sireux de d\u00e9velopper des concepts innovants, et de continuer \u00e0 aider les investisseurs sur leur strat\u00e9gie wellness et spa, Philippe cr\u00e9e au milieu en ao\u00fbt 2021, WELLNESS ASSET, agissant comme conseil sur des projets h\u00f4teliers, des exploitants en mal de r\u00e9sultats, tout en proposant des nouveaux concepts tels que le Challenger Parc ou la Spa Suite.[\/vc_column_text][\/vc_column][\/vc_row][vc_row row_type=\u00a0\u00bbrow\u00a0\u00bb use_row_as_full_screen_section=\u00a0\u00bbno\u00a0\u00bb type=\u00a0\u00bbfull_width\u00a0\u00bb text_align=\u00a0\u00bbleft\u00a0\u00bb css_animation=\u00a0\u00bb\u00a0\u00bb box_shadow_on_row=\u00a0\u00bbno\u00a0\u00bb][vc_column][vc_column_text css=\u00a0\u00bb.vc_custom_1627253015312{padding-top: 50px !important;}\u00a0\u00bb]<\/p>\n<h2 style=\"text-align: center;\"><span class=\"VIiyi\" lang=\"fr\"><span class=\"JLqJ4b ChMk0b\" data-language-for-alternatives=\"fr\" data-language-to-translate-into=\"en\" data-phrase-index=\"0\">PROJETS R\u00c9ALIS\u00c9S<\/span><\/span><\/h2>\n<p>[\/vc_column_text][\/vc_column][\/vc_row][vc_row row_type=\u00a0\u00bbrow\u00a0\u00bb use_row_as_full_screen_section=\u00a0\u00bbno\u00a0\u00bb type=\u00a0\u00bbfull_width\u00a0\u00bb text_align=\u00a0\u00bbleft\u00a0\u00bb padding_top=\u00a0\u00bb50&Prime; css_animation=\u00a0\u00bb\u00a0\u00bb box_shadow_on_row=\u00a0\u00bbno\u00a0\u00bb][vc_column][no_elements_holder number_of_columns=\u00a0\u00bbthree_columns\u00a0\u00bb][no_elements_holder_item aligment=\u00a0\u00bbleft\u00a0\u00bb vertical_alignment=\u00a0\u00bbtop\u00a0\u00bb animation_name=\u00a0\u00bbfade_in\u00a0\u00bb animation_delay=\u00a0\u00bb200&Prime; advanced_animations=\u00a0\u00bbno\u00a0\u00bb][vc_gallery interval=\u00a0\u00bb3&Prime; images=\u00a0\u00bb164,174&Prime; img_size=\u00a0\u00bblarge\u00a0\u00bb disable_navigation_arrows=\u00a0\u00bbyes\u00a0\u00bb show_navigation_controls=\u00a0\u00bbyes\u00a0\u00bb][vc_separator type=\u00a0\u00bbtransparent\u00a0\u00bb thickness=\u00a0\u00bb30&Prime; up_style=\u00a0\u00bbpx\u00a0\u00bb down_style=\u00a0\u00bbpx\u00a0\u00bb][vc_column_text]<img loading=\"lazy\" class=\"size-full wp-image-159 aligncenter\" src=\"https:\/\/wellness-asset.com\/wp-content\/uploads\/2021\/07\/about-spa-hotel.png\" alt=\"\" width=\"343\" height=\"111\" srcset=\"https:\/\/wellness-asset.com\/wp-content\/uploads\/2021\/07\/about-spa-hotel.png 343w, https:\/\/wellness-asset.com\/wp-content\/uploads\/2021\/07\/about-spa-hotel-300x97.png 300w\" sizes=\"(max-width: 343px) 100vw, 343px\" \/><\/p>\n<p style=\"text-align: center;\">Bouznika-Casablanca<\/p>\n<p style=\"text-align: center;\">5 Etoiles<\/p>\n<p style=\"text-align: center;\">130 chambres et suites<\/p>\n<p style=\"text-align: center;\">Wellness Clinique de 3400 m2<\/p>\n<p style=\"text-align: center;\">Golf<\/p>\n<p style=\"text-align: center;\">2 restaurants<\/p>\n<p>[\/vc_column_text][vc_separator type=\u00a0\u00bbtransparent\u00a0\u00bb thickness=\u00a0\u00bb30&Prime; up_style=\u00a0\u00bbpx\u00a0\u00bb down_style=\u00a0\u00bbpx\u00a0\u00bb][\/no_elements_holder_item][no_elements_holder_item aligment=\u00a0\u00bbleft\u00a0\u00bb vertical_alignment=\u00a0\u00bbtop\u00a0\u00bb animation_name=\u00a0\u00bbfade_in\u00a0\u00bb animation_delay=\u00a0\u00bb400&Prime; advanced_animations=\u00a0\u00bbno\u00a0\u00bb][vc_gallery interval=\u00a0\u00bb3&Prime; images=\u00a0\u00bb165,175&Prime; img_size=\u00a0\u00bblarge\u00a0\u00bb disable_navigation_arrows=\u00a0\u00bbyes\u00a0\u00bb show_navigation_controls=\u00a0\u00bbyes\u00a0\u00bb][vc_separator type=\u00a0\u00bbtransparent\u00a0\u00bb thickness=\u00a0\u00bb30&Prime; up_style=\u00a0\u00bbpx\u00a0\u00bb down_style=\u00a0\u00bbpx\u00a0\u00bb][vc_column_text]<img loading=\"lazy\" class=\"size-full wp-image-160 aligncenter\" src=\"https:\/\/wellness-asset.com\/wp-content\/uploads\/2021\/07\/about-term-spa-hotel.png\" alt=\"\" width=\"343\" height=\"111\" srcset=\"https:\/\/wellness-asset.com\/wp-content\/uploads\/2021\/07\/about-term-spa-hotel.png 343w, https:\/\/wellness-asset.com\/wp-content\/uploads\/2021\/07\/about-term-spa-hotel-300x97.png 300w\" sizes=\"(max-width: 343px) 100vw, 343px\" \/><\/p>\n<p style=\"text-align: center;\">Moulay Yacoub &#8211; F\u00e8s<\/p>\n<p style=\"text-align: center;\">4 Etoiles<\/p>\n<p style=\"text-align: center;\">100 chambres et suites<\/p>\n<p style=\"text-align: center;\">Centre thermal de 6000 m2<\/p>\n<p style=\"text-align: center;\">1 restaurant<\/p>\n<p>[\/vc_column_text][vc_separator type=\u00a0\u00bbtransparent\u00a0\u00bb thickness=\u00a0\u00bb30&Prime; up_style=\u00a0\u00bbpx\u00a0\u00bb down_style=\u00a0\u00bbpx\u00a0\u00bb][\/no_elements_holder_item][no_elements_holder_item aligment=\u00a0\u00bbleft\u00a0\u00bb vertical_alignment=\u00a0\u00bbtop\u00a0\u00bb animation_name=\u00a0\u00bbfade_in\u00a0\u00bb animation_delay=\u00a0\u00bb600&Prime; advanced_animations=\u00a0\u00bbno\u00a0\u00bb][vc_gallery interval=\u00a0\u00bb3&Prime; images=\u00a0\u00bb163,173&Prime; img_size=\u00a0\u00bblarge\u00a0\u00bb disable_navigation_arrows=\u00a0\u00bbyes\u00a0\u00bb show_navigation_controls=\u00a0\u00bbyes\u00a0\u00bb][vc_separator type=\u00a0\u00bbtransparent\u00a0\u00bb thickness=\u00a0\u00bb30&Prime; up_style=\u00a0\u00bbpx\u00a0\u00bb down_style=\u00a0\u00bbpx\u00a0\u00bb][vc_column_text]<img loading=\"lazy\" class=\"size-full wp-image-158 aligncenter\" src=\"https:\/\/wellness-asset.com\/wp-content\/uploads\/2021\/07\/about-health-care.png\" alt=\"\" width=\"343\" height=\"111\" srcset=\"https:\/\/wellness-asset.com\/wp-content\/uploads\/2021\/07\/about-health-care.png 343w, https:\/\/wellness-asset.com\/wp-content\/uploads\/2021\/07\/about-health-care-300x97.png 300w\" sizes=\"(max-width: 343px) 100vw, 343px\" \/><\/p>\n<p style=\"text-align: center;\">Salwa &#8211; Qatar<\/p>\n<p style=\"text-align: center;\">5 Etoiles<\/p>\n<p style=\"text-align: center;\">78 chambres et suites<\/p>\n<p style=\"text-align: center;\">99 villas<\/p>\n<p style=\"text-align: center;\">Health Center de 3400 m2<\/p>\n<p style=\"text-align: center;\">Sp\u00e9cialis\u00e9 pr\u00e9vention diab\u00e8te<\/p>\n<p>[\/vc_column_text][vc_separator type=\u00a0\u00bbtransparent\u00a0\u00bb thickness=\u00a0\u00bb30&Prime; up_style=\u00a0\u00bbpx\u00a0\u00bb down_style=\u00a0\u00bbpx\u00a0\u00bb][\/no_elements_holder_item][\/no_elements_holder][\/vc_column][\/vc_row]<\/p>\n","protected":false},"excerpt":{"rendered":"<p>[vc_row row_type=\u00a0\u00bbrow\u00a0\u00bb use_row_as_full_screen_section=\u00a0\u00bbno\u00a0\u00bb type=\u00a0\u00bbfull_width\u00a0\u00bb text_align=\u00a0\u00bbleft\u00a0\u00bb css_animation=\u00a0\u00bb\u00a0\u00bb box_shadow_on_row=\u00a0\u00bbno\u00a0\u00bb][vc_column][vc_column_text] VALEURS [\/vc_column_text][\/vc_column][\/vc_row][vc_row row_type=\u00a0\u00bbrow\u00a0\u00bb use_row_as_full_screen_section=\u00a0\u00bbno\u00a0\u00bb type=\u00a0\u00bbgrid\u00a0\u00bb text_align=\u00a0\u00bbleft\u00a0\u00bb padding_top=\u00a0\u00bb50&Prime; padding_bottom=\u00a0\u00bb50&Prime; css_animation=\u00a0\u00bb\u00a0\u00bb box_shadow_on_row=\u00a0\u00bbno\u00a0\u00bb el_class=\u00a0\u00bbflex\u00a0\u00bb][vc_column width=\u00a0\u00bb1\/3&Prime; el_class=\u00a0\u00bbflex\u00a0\u00bb][vc_column_text] INT\u00c9GRIT\u00c9 Transparence, int\u00e9r\u00eat client, respect des d\u00e9lais et du contrat [\/vc_column_text][vc_column_text] EXCELLENCE ADN de l\u2019h\u00f4tellerie du luxe, r\u00e9sultats d\u00e9taill\u00e9s et fiables [\/vc_column_text][vc_column_text] RESPECT Ouvert aux&#8230;<\/p>\n","protected":false},"author":2,"featured_media":0,"parent":0,"menu_order":0,"comment_status":"closed","ping_status":"closed","template":"full_width.php","meta":[],"_links":{"self":[{"href":"https:\/\/wellness-asset.com\/index.php\/wp-json\/wp\/v2\/pages\/26"}],"collection":[{"href":"https:\/\/wellness-asset.com\/index.php\/wp-json\/wp\/v2\/pages"}],"about":[{"href":"https:\/\/wellness-asset.com\/index.php\/wp-json\/wp\/v2\/types\/page"}],"author":[{"embeddable":true,"href":"https:\/\/wellness-asset.com\/index.php\/wp-json\/wp\/v2\/users\/2"}],"replies":[{"embeddable":true,"href":"https:\/\/wellness-asset.com\/index.php\/wp-json\/wp\/v2\/comments?post=26"}],"version-history":[{"count":32,"href":"https:\/\/wellness-asset.com\/index.php\/wp-json\/wp\/v2\/pages\/26\/revisions"}],"predecessor-version":[{"id":625,"href":"https:\/\/wellness-asset.com\/index.php\/wp-json\/wp\/v2\/pages\/26\/revisions\/625"}],"wp:attachment":[{"href":"https:\/\/wellness-asset.com\/index.php\/wp-json\/wp\/v2\/media?parent=26"}],"curies":[{"name":"wp","href":"https:\/\/api.w.org\/{rel}","templated":true}]}}