{"id":299,"date":"2021-07-21T16:54:54","date_gmt":"2021-07-21T14:54:54","guid":{"rendered":"https:\/\/wellness-asset.com\/?page_id=299"},"modified":"2023-10-05T15:10:23","modified_gmt":"2023-10-05T13:10:23","slug":"parc-de-loisirs-sportifs","status":"publish","type":"page","link":"https:\/\/wellness-asset.com\/index.php\/fr\/projets\/parc-de-loisirs-sportifs\/","title":{"rendered":"Parc de Loisirs sportifs"},"content":{"rendered":"<p>[vc_row row_type=\u00a0\u00bbrow\u00a0\u00bb use_row_as_full_screen_section=\u00a0\u00bbno\u00a0\u00bb type=\u00a0\u00bbgrid\u00a0\u00bb text_align=\u00a0\u00bbleft\u00a0\u00bb padding_top=\u00a0\u00bb50&Prime; css_animation=\u00a0\u00bb\u00a0\u00bb box_shadow_on_row=\u00a0\u00bbno\u00a0\u00bb][vc_column][vc_column_text]<strong>Nouveau concept de parc ext\u00e9rieur ciblant 4 march\u00e9s: les familles, les individuels, les groupes loisirs et les incentives.<\/strong><br \/>\n<strong>Alternance de parcours d\u2019obstacles avec des jeux et challenges en \u00e9quipe.<\/strong>[\/vc_column_text][vc_separator type=\u00a0\u00bbtransparent\u00a0\u00bb up_style=\u00a0\u00bbpx\u00a0\u00bb down=\u00a0\u00bb30&Prime; down_style=\u00a0\u00bbpx\u00a0\u00bb][\/vc_column][\/vc_row][vc_row row_type=\u00a0\u00bbrow\u00a0\u00bb use_row_as_full_screen_section=\u00a0\u00bbno\u00a0\u00bb type=\u00a0\u00bbgrid\u00a0\u00bb text_align=\u00a0\u00bbleft\u00a0\u00bb padding_bottom=\u00a0\u00bb30&Prime; css_animation=\u00a0\u00bb\u00a0\u00bb box_shadow_on_row=\u00a0\u00bbno\u00a0\u00bb][vc_column width=\u00a0\u00bb1\/4&Prime; css=\u00a0\u00bb.vc_custom_1627952426594{margin-top: 8px !important;padding-top: 30px !important;background-color: #1e73be !important;border-radius: 35px !important;}\u00a0\u00bb][vc_column_text]<\/p>\n<p style=\"color: #fff;\">Notre vision est d\u2019offrir \u00e0 nos clients, un produit innovant, pour renforcer leur attractivit\u00e9 touristique<\/p>\n<p>&nbsp;<\/p>\n<p style=\"color: #fff;\">Le positionnement Sport\/Nature\/jeux permet de cibles diff\u00e9rents march\u00e9s.<\/p>\n<p>&nbsp;<\/p>\n<p style=\"color: #fff;\">Notre parc n\u2019est pas uniquement physique, et n\u00e9cessite aussi l\u2019\u00e9quilibre, l\u2019intelligence, la communication et de la dext\u00e9rit\u00e9<\/p>\n<p>[\/vc_column_text][vc_separator type=\u00a0\u00bbtransparent\u00a0\u00bb thickness=\u00a0\u00bb10&Prime; up_style=\u00a0\u00bbpx\u00a0\u00bb down_style=\u00a0\u00bbpx\u00a0\u00bb][\/vc_column][vc_column width=\u00a0\u00bb1\/2&Prime;][vc_column_text]Des nouveaux venus arrivent sur le march\u00e9 du loisir ext\u00e9rieur, d\u00e9poussi\u00e9rant l\u2019accrobranche et promettant une croissance agressive. Les parcours d\u2019obstacles (OCR) se d\u00e9veloppent sur tous les continents, le nombre de participants aux USA est pass\u00e9 de 1 million en 2011 jusqu\u2019\u00e0 7,5 millions en 2019. Les premiers championnats du monde \u00e9taient planifi\u00e9s \u00e0 Sotchi en 2020. L\u2019attractivit\u00e9 des courses de boue (Mud Run), Ninja Warrior ou Spartan est en constante hausse.<br \/>\nAutre tendance li\u00e9e au COVID, les loisirs en ext\u00e9rieur ont le vent en poupe, alliant nature, \u00e9cologie, bien-\u00eatre et sport.<\/p>\n<p>&nbsp;<\/p>\n<p>Challenger Parc propose un nouveau type de fitness fun, en pleine nature, d\u00e9veloppant des obstacles fascinants et excitants tout en cr\u00e9ant des jeux et challenges inspir\u00e9s des jeux d\u2019aventures TV.<\/p>\n<p>&nbsp;<\/p>\n<p>Nos clients peuvent \u00eatre des villes, des r\u00e9gions, des ch\u00e2teaux, des campings ou des resorts.<\/p>\n<div class=\"notranslate\" style=\"all: initial;\"><\/div>\n<p>[\/vc_column_text][\/vc_column][vc_column width=\u00a0\u00bb1\/4&Prime;][\/vc_column][\/vc_row][vc_row row_type=\u00a0\u00bbrow\u00a0\u00bb use_row_as_full_screen_section=\u00a0\u00bbno\u00a0\u00bb type=\u00a0\u00bbfull_width\u00a0\u00bb text_align=\u00a0\u00bbleft\u00a0\u00bb padding_bottom=\u00a0\u00bb50&Prime; css_animation=\u00a0\u00bb\u00a0\u00bb box_shadow_on_row=\u00a0\u00bbno\u00a0\u00bb][vc_column width=\u00a0\u00bb1\/3&Prime;][vc_single_image image=\u00a0\u00bb251&Prime; img_size=\u00a0\u00bbfull\u00a0\u00bb alignment=\u00a0\u00bbcenter\u00a0\u00bb qode_hover_animation=\u00a0\u00bb\u00a0\u00bb qode_css_animation=\u00a0\u00bb\u00a0\u00bb][\/vc_column][vc_column width=\u00a0\u00bb1\/3&Prime;][vc_single_image image=\u00a0\u00bb250&Prime; img_size=\u00a0\u00bbfull\u00a0\u00bb alignment=\u00a0\u00bbcenter\u00a0\u00bb qode_hover_animation=\u00a0\u00bb\u00a0\u00bb qode_css_animation=\u00a0\u00bb\u00a0\u00bb][\/vc_column][vc_column width=\u00a0\u00bb1\/3&Prime;][vc_single_image image=\u00a0\u00bb249&Prime; img_size=\u00a0\u00bbfull\u00a0\u00bb alignment=\u00a0\u00bbcenter\u00a0\u00bb qode_hover_animation=\u00a0\u00bb\u00a0\u00bb qode_css_animation=\u00a0\u00bb\u00a0\u00bb][\/vc_column][\/vc_row]<\/p>\n","protected":false},"excerpt":{"rendered":"<p>[vc_row row_type=\u00a0\u00bbrow\u00a0\u00bb use_row_as_full_screen_section=\u00a0\u00bbno\u00a0\u00bb type=\u00a0\u00bbgrid\u00a0\u00bb text_align=\u00a0\u00bbleft\u00a0\u00bb padding_top=\u00a0\u00bb50&Prime; css_animation=\u00a0\u00bb\u00a0\u00bb box_shadow_on_row=\u00a0\u00bbno\u00a0\u00bb][vc_column][vc_column_text]Nouveau concept de parc ext\u00e9rieur ciblant 4 march\u00e9s: les familles, les individuels, les groupes loisirs et les incentives. Alternance de parcours d\u2019obstacles avec des jeux et challenges en \u00e9quipe.[\/vc_column_text][vc_separator type=\u00a0\u00bbtransparent\u00a0\u00bb up_style=\u00a0\u00bbpx\u00a0\u00bb down=\u00a0\u00bb30&Prime; down_style=\u00a0\u00bbpx\u00a0\u00bb][\/vc_column][\/vc_row][vc_row row_type=\u00a0\u00bbrow\u00a0\u00bb use_row_as_full_screen_section=\u00a0\u00bbno\u00a0\u00bb type=\u00a0\u00bbgrid\u00a0\u00bb text_align=\u00a0\u00bbleft\u00a0\u00bb padding_bottom=\u00a0\u00bb30&Prime;&#8230;<\/p>\n","protected":false},"author":2,"featured_media":0,"parent":129,"menu_order":0,"comment_status":"closed","ping_status":"closed","template":"full_width.php","meta":[],"_links":{"self":[{"href":"https:\/\/wellness-asset.com\/index.php\/wp-json\/wp\/v2\/pages\/299"}],"collection":[{"href":"https:\/\/wellness-asset.com\/index.php\/wp-json\/wp\/v2\/pages"}],"about":[{"href":"https:\/\/wellness-asset.com\/index.php\/wp-json\/wp\/v2\/types\/page"}],"author":[{"embeddable":true,"href":"https:\/\/wellness-asset.com\/index.php\/wp-json\/wp\/v2\/users\/2"}],"replies":[{"embeddable":true,"href":"https:\/\/wellness-asset.com\/index.php\/wp-json\/wp\/v2\/comments?post=299"}],"version-history":[{"count":20,"href":"https:\/\/wellness-asset.com\/index.php\/wp-json\/wp\/v2\/pages\/299\/revisions"}],"predecessor-version":[{"id":634,"href":"https:\/\/wellness-asset.com\/index.php\/wp-json\/wp\/v2\/pages\/299\/revisions\/634"}],"up":[{"embeddable":true,"href":"https:\/\/wellness-asset.com\/index.php\/wp-json\/wp\/v2\/pages\/129"}],"wp:attachment":[{"href":"https:\/\/wellness-asset.com\/index.php\/wp-json\/wp\/v2\/media?parent=299"}],"curies":[{"name":"wp","href":"https:\/\/api.w.org\/{rel}","templated":true}]}}