{"id":3,"date":"2021-07-10T12:51:07","date_gmt":"2021-07-10T12:51:07","guid":{"rendered":"http:\/\/wellness.dorosh.net\/?page_id=3"},"modified":"2021-08-15T20:05:46","modified_gmt":"2021-08-15T18:05:46","slug":"legal-notice","status":"publish","type":"page","link":"https:\/\/wellness-asset.com\/index.php\/en\/legal-notice\/","title":{"rendered":"Legal notice"},"content":{"rendered":"<p>[vc_row row_type=\u00a0\u00bbrow\u00a0\u00bb use_row_as_full_screen_section=\u00a0\u00bbno\u00a0\u00bb type=\u00a0\u00bbfull_width\u00a0\u00bb text_align=\u00a0\u00bbleft\u00a0\u00bb css_animation=\u00a0\u00bb\u00a0\u00bb box_shadow_on_row=\u00a0\u00bbno\u00a0\u00bb][vc_column][vc_column_text]The site www.wellness-asset.com is the exclusive property of Philippe Magne, whose head office is located at 39 rue de Reims, 03200 Vichy, France<\/p>\n<p>&nbsp;<\/p>\n<h3>Credit<\/h3>\n<p>Any reproduction, republication or redistribution of names or logos, by any means whatsoever, without the prior written authorization of their respective owner is prohibited by law. Any total or partial representation of this site, by any means whatsoever, without the express authorization of Philippe Magne, is prohibited and constitutes an infringement punishable by articles L335-2 and following of the Intellectual Property Code.<br \/>\nThe entire content of this site is protected by copyright &#8211; \u00a9 2021.<\/p>\n<p>&nbsp;<\/p>\n<h3>Responsibilities<\/h3>\n<p>Wellness Asset cannot be held liable for any damage whatsoever, whether direct or indirect, resulting from information contained on this site.<br \/>\nThe user undertakes not to transmit on this site any information that could lead to civil or criminal liability and as such undertakes not to disclose via this site any information that is illegal, contrary to public order or defamatory.<br \/>\nWA makes every effort to provide users with information and \/ or tools available and verified, but can not be held responsible for errors, lack of availability of information and \/ or the presence of viruses on its site.<\/p>\n<p>&nbsp;<\/p>\n<h3>Publication Manager<\/h3>\n<p>Philippe Magne<\/p>\n<p>&nbsp;<\/p>\n<h3>Site Creation<\/h3>\n<p>Vl\u0430dimir D\u043er\u043esh<\/p>\n<p>&nbsp;<\/p>\n<h3>Photos Credit<\/h3>\n<p><a href=\"http:\/\/www.istock.com\" target=\"_blank\" rel=\"noopener\">www.istock.com<\/a><br \/>\n<a href=\"http:\/\/www.shutterstock.com\" target=\"_blank\" rel=\"noopener\">www.shutterstock.com<\/a><br \/>\n<a href=\"http:\/\/www.pixabay.com\" target=\"_blank\" rel=\"noopener\">www.pixabay.com<\/a>[\/vc_column_text][vc_column_text]<small><br \/>\nContrat d&rsquo;appui au projet d&rsquo;entreprise<br \/>\nSoci\u00e9t\u00e9 coop\u00e9rative d&rsquo;int\u00e9r\u00eat collectif par actions simplifi\u00e9e &#8211; capital de 21000\u20ac &#8211; SIRET: 82148229600018 RCS Toulouse<br \/>\nNAF-APE: 6202A &#8211; RCS\/RM: Toulouse 821 482 296 &#8211; Num. TVA: FR 07 821482296<br \/>\n<\/small>[\/vc_column_text][vc_separator type=\u00a0\u00bbtransparent\u00a0\u00bb thickness=\u00a0\u00bb50&Prime; up_style=\u00a0\u00bbpx\u00a0\u00bb down_style=\u00a0\u00bbpx\u00a0\u00bb][\/vc_column][\/vc_row]<\/p>\n","protected":false},"excerpt":{"rendered":"<p>[vc_row row_type=\u00a0\u00bbrow\u00a0\u00bb use_row_as_full_screen_section=\u00a0\u00bbno\u00a0\u00bb type=\u00a0\u00bbfull_width\u00a0\u00bb text_align=\u00a0\u00bbleft\u00a0\u00bb css_animation=\u00a0\u00bb\u00a0\u00bb box_shadow_on_row=\u00a0\u00bbno\u00a0\u00bb][vc_column][vc_column_text]The site www.wellness-asset.com is the exclusive property of Philippe Magne, whose head office is located at 39 rue de Reims, 03200 Vichy, France &nbsp; Credit Any reproduction, republication or redistribution of names or logos, by any means whatsoever, without&#8230;<\/p>\n","protected":false},"author":2,"featured_media":0,"parent":0,"menu_order":0,"comment_status":"closed","ping_status":"open","template":"","meta":[],"_links":{"self":[{"href":"https:\/\/wellness-asset.com\/index.php\/wp-json\/wp\/v2\/pages\/3"}],"collection":[{"href":"https:\/\/wellness-asset.com\/index.php\/wp-json\/wp\/v2\/pages"}],"about":[{"href":"https:\/\/wellness-asset.com\/index.php\/wp-json\/wp\/v2\/types\/page"}],"author":[{"embeddable":true,"href":"https:\/\/wellness-asset.com\/index.php\/wp-json\/wp\/v2\/users\/2"}],"replies":[{"embeddable":true,"href":"https:\/\/wellness-asset.com\/index.php\/wp-json\/wp\/v2\/comments?post=3"}],"version-history":[{"count":10,"href":"https:\/\/wellness-asset.com\/index.php\/wp-json\/wp\/v2\/pages\/3\/revisions"}],"predecessor-version":[{"id":618,"href":"https:\/\/wellness-asset.com\/index.php\/wp-json\/wp\/v2\/pages\/3\/revisions\/618"}],"wp:attachment":[{"href":"https:\/\/wellness-asset.com\/index.php\/wp-json\/wp\/v2\/media?parent=3"}],"curies":[{"name":"wp","href":"https:\/\/api.w.org\/{rel}","templated":true}]}}