{"id":304,"date":"2021-07-21T16:56:17","date_gmt":"2021-07-21T14:56:17","guid":{"rendered":"https:\/\/wellness-asset.com\/?page_id=304"},"modified":"2023-10-05T15:08:24","modified_gmt":"2023-10-05T13:08:24","slug":"spa-suite","status":"publish","type":"page","link":"https:\/\/wellness-asset.com\/index.php\/fr\/projets\/spa-suite\/","title":{"rendered":"SPA suite"},"content":{"rendered":"<p>[vc_row row_type=\u00a0\u00bbrow\u00a0\u00bb use_row_as_full_screen_section=\u00a0\u00bbno\u00a0\u00bb type=\u00a0\u00bbgrid\u00a0\u00bb text_align=\u00a0\u00bbleft\u00a0\u00bb padding_bottom=\u00a0\u00bb30&Prime; css_animation=\u00a0\u00bb\u00a0\u00bb box_shadow_on_row=\u00a0\u00bbno\u00a0\u00bb][vc_column][vc_column_text]<strong>Cr\u00e9er une nouvelle source de revenu tout en ajoutant de la valeur \u00e0 votre \u00e9tablissement .<\/strong><\/p>\n<p>WA\u00a0 conceptualise des spas suites uniques, pouvant accueillir de 2 \u00e0 12 personnes pour des s\u00e9ances de 90 \u00e0 180min.<\/p>\n<p>WA s&rsquo;occupe d&rsquo;organiser les plans d&rsquo;implantation, de coordonner\u00a0les fournisseurs et de fournir tous les outils pour l&rsquo;exploitation\u00a0et la commercialisation (paiement et r\u00e9servation en ligne, bons cadeaux, strat\u00e9gie de communication&#8230;)<\/p>\n<p>Solution cl\u00e9 en main, qui vous permet d&rsquo;amortir votre investissement en moins de 4 ans et surtout vous apporte un r\u00e9el avantage concurrentiel et une offre originale pour le 4\u00e8me loisirs en France, le Spa.[\/vc_column_text][\/vc_column][\/vc_row][vc_row row_type=\u00a0\u00bbrow\u00a0\u00bb use_row_as_full_screen_section=\u00a0\u00bbno\u00a0\u00bb type=\u00a0\u00bbfull_width\u00a0\u00bb text_align=\u00a0\u00bbleft\u00a0\u00bb padding_bottom=\u00a0\u00bb50&Prime; css_animation=\u00a0\u00bb\u00a0\u00bb box_shadow_on_row=\u00a0\u00bbno\u00a0\u00bb][vc_column width=\u00a0\u00bb1\/3&Prime;][vc_single_image image=\u00a0\u00bb248&Prime; img_size=\u00a0\u00bbfull\u00a0\u00bb alignment=\u00a0\u00bbcenter\u00a0\u00bb qode_hover_animation=\u00a0\u00bb\u00a0\u00bb qode_css_animation=\u00a0\u00bb\u00a0\u00bb][\/vc_column][vc_column width=\u00a0\u00bb1\/3&Prime;][vc_single_image image=\u00a0\u00bb247&Prime; img_size=\u00a0\u00bbfull\u00a0\u00bb alignment=\u00a0\u00bbcenter\u00a0\u00bb qode_hover_animation=\u00a0\u00bb\u00a0\u00bb qode_css_animation=\u00a0\u00bb\u00a0\u00bb][\/vc_column][vc_column width=\u00a0\u00bb1\/3&Prime;][vc_single_image image=\u00a0\u00bb246&Prime; img_size=\u00a0\u00bbfull\u00a0\u00bb alignment=\u00a0\u00bbcenter\u00a0\u00bb qode_hover_animation=\u00a0\u00bb\u00a0\u00bb qode_css_animation=\u00a0\u00bb\u00a0\u00bb][\/vc_column][\/vc_row]<\/p>\n","protected":false},"excerpt":{"rendered":"<p>[vc_row row_type=\u00a0\u00bbrow\u00a0\u00bb use_row_as_full_screen_section=\u00a0\u00bbno\u00a0\u00bb type=\u00a0\u00bbgrid\u00a0\u00bb text_align=\u00a0\u00bbleft\u00a0\u00bb padding_bottom=\u00a0\u00bb30&Prime; css_animation=\u00a0\u00bb\u00a0\u00bb box_shadow_on_row=\u00a0\u00bbno\u00a0\u00bb][vc_column][vc_column_text]Cr\u00e9er une nouvelle source de revenu tout en ajoutant de la valeur \u00e0 votre \u00e9tablissement . WA\u00a0 conceptualise des spas suites uniques, pouvant accueillir de 2 \u00e0 12 personnes pour des s\u00e9ances de 90 \u00e0 180min. WA s&rsquo;occupe&#8230;<\/p>\n","protected":false},"author":2,"featured_media":0,"parent":129,"menu_order":0,"comment_status":"closed","ping_status":"closed","template":"full_width.php","meta":[],"_links":{"self":[{"href":"https:\/\/wellness-asset.com\/index.php\/wp-json\/wp\/v2\/pages\/304"}],"collection":[{"href":"https:\/\/wellness-asset.com\/index.php\/wp-json\/wp\/v2\/pages"}],"about":[{"href":"https:\/\/wellness-asset.com\/index.php\/wp-json\/wp\/v2\/types\/page"}],"author":[{"embeddable":true,"href":"https:\/\/wellness-asset.com\/index.php\/wp-json\/wp\/v2\/users\/2"}],"replies":[{"embeddable":true,"href":"https:\/\/wellness-asset.com\/index.php\/wp-json\/wp\/v2\/comments?post=304"}],"version-history":[{"count":15,"href":"https:\/\/wellness-asset.com\/index.php\/wp-json\/wp\/v2\/pages\/304\/revisions"}],"predecessor-version":[{"id":632,"href":"https:\/\/wellness-asset.com\/index.php\/wp-json\/wp\/v2\/pages\/304\/revisions\/632"}],"up":[{"embeddable":true,"href":"https:\/\/wellness-asset.com\/index.php\/wp-json\/wp\/v2\/pages\/129"}],"wp:attachment":[{"href":"https:\/\/wellness-asset.com\/index.php\/wp-json\/wp\/v2\/media?parent=304"}],"curies":[{"name":"wp","href":"https:\/\/api.w.org\/{rel}","templated":true}]}}