{"id":309,"date":"2021-07-21T16:57:17","date_gmt":"2021-07-21T14:57:17","guid":{"rendered":"https:\/\/wellness-asset.com\/?page_id=309"},"modified":"2021-08-09T02:24:48","modified_gmt":"2021-08-09T00:24:48","slug":"cauchemard-au-spa","status":"publish","type":"page","link":"https:\/\/wellness-asset.com\/index.php\/fr\/projets\/cauchemard-au-spa\/","title":{"rendered":"Cauchemard au SPA"},"content":{"rendered":"<p>[vc_row row_type=\u00a0\u00bbrow\u00a0\u00bb use_row_as_full_screen_section=\u00a0\u00bbno\u00a0\u00bb type=\u00a0\u00bbgrid\u00a0\u00bb text_align=\u00a0\u00bbleft\u00a0\u00bb padding_top=\u00a0\u00bb30&Prime; padding_bottom=\u00a0\u00bb30&Prime; css_animation=\u00a0\u00bb\u00a0\u00bb box_shadow_on_row=\u00a0\u00bbno\u00a0\u00bb][vc_column][vc_column_text]<strong>G\u00e9rer un spa peut-\u00eatre une difficile op\u00e9ration. Comme le programme TV, \u201cCauchemard en cuisine\u201d WA intervient pour redresser la barre et trouver des solutions imm\u00e9diates.<\/strong><\/p>\n<p>&nbsp;<\/p>\n<h4><strong>Mesures de soutien au management:<\/strong><\/h4>\n<ul>\n<li>Audit des <strong>performances<\/strong> (Analyses des stats, d\u00e9finition des objectifs, restructuration)<\/li>\n<li><strong>Th\u00e9rapie <\/strong>Marketing (Com et RP, CRM, R\u00e9seaux sociaux\u2026)<\/li>\n<li>Acc\u00e9l\u00e9rateur <strong>Ventes<\/strong> (formation, plan commercial personnalis\u00e9, forfaits rentables, ventes secondaires)<\/li>\n<li>Management de <strong>projet<\/strong> (Gain de temps et d\u2019argent, business plan, investissement, ouverture)<\/li>\n<\/ul>\n<p>[\/vc_column_text][\/vc_column][\/vc_row][vc_row row_type=\u00a0\u00bbrow\u00a0\u00bb use_row_as_full_screen_section=\u00a0\u00bbno\u00a0\u00bb type=\u00a0\u00bbfull_width\u00a0\u00bb text_align=\u00a0\u00bbleft\u00a0\u00bb padding_bottom=\u00a0\u00bb50&Prime; css_animation=\u00a0\u00bb\u00a0\u00bb box_shadow_on_row=\u00a0\u00bbno\u00a0\u00bb][vc_column width=\u00a0\u00bb1\/3&Prime;][vc_single_image image=\u00a0\u00bb245&Prime; img_size=\u00a0\u00bbfull\u00a0\u00bb alignment=\u00a0\u00bbcenter\u00a0\u00bb qode_hover_animation=\u00a0\u00bb\u00a0\u00bb qode_css_animation=\u00a0\u00bb\u00a0\u00bb][\/vc_column][vc_column width=\u00a0\u00bb1\/3&Prime;][vc_single_image image=\u00a0\u00bb244&Prime; img_size=\u00a0\u00bbfull\u00a0\u00bb alignment=\u00a0\u00bbcenter\u00a0\u00bb qode_hover_animation=\u00a0\u00bb\u00a0\u00bb qode_css_animation=\u00a0\u00bb\u00a0\u00bb][\/vc_column][vc_column width=\u00a0\u00bb1\/3&Prime;][vc_single_image image=\u00a0\u00bb243&Prime; img_size=\u00a0\u00bbfull\u00a0\u00bb alignment=\u00a0\u00bbcenter\u00a0\u00bb qode_hover_animation=\u00a0\u00bb\u00a0\u00bb qode_css_animation=\u00a0\u00bb\u00a0\u00bb][\/vc_column][\/vc_row]<\/p>\n","protected":false},"excerpt":{"rendered":"<p>[vc_row row_type=\u00a0\u00bbrow\u00a0\u00bb use_row_as_full_screen_section=\u00a0\u00bbno\u00a0\u00bb type=\u00a0\u00bbgrid\u00a0\u00bb text_align=\u00a0\u00bbleft\u00a0\u00bb padding_top=\u00a0\u00bb30&Prime; padding_bottom=\u00a0\u00bb30&Prime; css_animation=\u00a0\u00bb\u00a0\u00bb box_shadow_on_row=\u00a0\u00bbno\u00a0\u00bb][vc_column][vc_column_text]G\u00e9rer un spa peut-\u00eatre une difficile op\u00e9ration. Comme le programme TV, \u201cCauchemard en cuisine\u201d WA intervient pour redresser la barre et trouver des solutions imm\u00e9diates. &nbsp; Mesures de soutien au management: Audit des performances (Analyses des stats,&#8230;<\/p>\n","protected":false},"author":2,"featured_media":0,"parent":129,"menu_order":0,"comment_status":"closed","ping_status":"closed","template":"full_width.php","meta":[],"_links":{"self":[{"href":"https:\/\/wellness-asset.com\/index.php\/wp-json\/wp\/v2\/pages\/309"}],"collection":[{"href":"https:\/\/wellness-asset.com\/index.php\/wp-json\/wp\/v2\/pages"}],"about":[{"href":"https:\/\/wellness-asset.com\/index.php\/wp-json\/wp\/v2\/types\/page"}],"author":[{"embeddable":true,"href":"https:\/\/wellness-asset.com\/index.php\/wp-json\/wp\/v2\/users\/2"}],"replies":[{"embeddable":true,"href":"https:\/\/wellness-asset.com\/index.php\/wp-json\/wp\/v2\/comments?post=309"}],"version-history":[{"count":10,"href":"https:\/\/wellness-asset.com\/index.php\/wp-json\/wp\/v2\/pages\/309\/revisions"}],"predecessor-version":[{"id":356,"href":"https:\/\/wellness-asset.com\/index.php\/wp-json\/wp\/v2\/pages\/309\/revisions\/356"}],"up":[{"embeddable":true,"href":"https:\/\/wellness-asset.com\/index.php\/wp-json\/wp\/v2\/pages\/129"}],"wp:attachment":[{"href":"https:\/\/wellness-asset.com\/index.php\/wp-json\/wp\/v2\/media?parent=309"}],"curies":[{"name":"wp","href":"https:\/\/api.w.org\/{rel}","templated":true}]}}