{"id":311,"date":"2021-07-21T20:08:56","date_gmt":"2021-07-21T18:08:56","guid":{"rendered":"https:\/\/wellness-asset.com\/?page_id=311"},"modified":"2021-08-09T02:21:19","modified_gmt":"2021-08-09T00:21:19","slug":"consulting-wellness","status":"publish","type":"page","link":"https:\/\/wellness-asset.com\/index.php\/fr\/service\/consulting-wellness\/","title":{"rendered":"Consulting wellness"},"content":{"rendered":"<p>[vc_row row_type=\u00a0\u00bbrow\u00a0\u00bb use_row_as_full_screen_section=\u00a0\u00bbno\u00a0\u00bb type=\u00a0\u00bbgrid\u00a0\u00bb text_align=\u00a0\u00bbleft\u00a0\u00bb css_animation=\u00a0\u00bb\u00a0\u00bb box_shadow_on_row=\u00a0\u00bbno\u00a0\u00bb][vc_column width=\u00a0\u00bb1\/3&Prime;]<div class='q_icon_with_title tiny circle center animation_zoom' data-icon-hover-color=#643ea3 data-icon-hover-background-color=#ffffff ><div class=\"icon_holder q_icon_animation \" style=\" \"><div class=\"icon_holder_inner\"><span class=\"qode_icon_stack qode_tiny_icon  custom-font\" style=\"font-size: 30px;color: #562c70;border-color: #562c70;background-color: #ffffff;border-width: 3px;\"><i class=\"qode_icon_font_awesome fa fa-eye icon_text_icon qode_icon_stack_1x\" style=\"font-size: 30px;\" ><\/i><\/span><\/div><\/div><div class=\"icon_text_holder\"><div class=\"icon_title_inner_holder\"><h3 class=\"icon_title \" style=\"color: #562c70;\">VISION<\/h3><\/div><div class=\"icon_text_inner\"><p style=''><\/p><\/div><\/div><\/div>[vc_column_text]<\/p>\n<p style=\"text-align: center;\">D\u00e9finir les besoins du march\u00e9<\/p>\n<p style=\"text-align: center;\">Choisir le positionnement<\/p>\n<p style=\"text-align: center;\">S\u00e9lectionner les partenaires<\/p>\n<p style=\"text-align: center;\">Etablir les besoins d\u2019investissements<\/p>\n<p>[\/vc_column_text][vc_single_image image=\u00a0\u00bb276&Prime; img_size=\u00a0\u00bbfull\u00a0\u00bb alignment=\u00a0\u00bbcenter\u00a0\u00bb qode_hover_animation=\u00a0\u00bb\u00a0\u00bb qode_css_animation=\u00a0\u00bb\u00a0\u00bb][vc_separator type=\u00a0\u00bbtransparent\u00a0\u00bb thickness=\u00a0\u00bb30&Prime; up_style=\u00a0\u00bbpx\u00a0\u00bb down_style=\u00a0\u00bbpx\u00a0\u00bb][\/vc_column][vc_column width=\u00a0\u00bb1\/3&Prime;]<div class='q_icon_with_title tiny circle center animation_zoom' data-icon-hover-color=#643ea3 data-icon-hover-background-color=#ffffff ><div class=\"icon_holder q_icon_animation \" style=\" \"><div class=\"icon_holder_inner\"><span class=\"qode_icon_stack qode_tiny_icon  custom-font\" style=\"font-size: 30px;color: #562c70;border-color: #562c70;background-color: #ffffff;border-width: 3px;\"><i class=\"qode_icon_font_awesome fa fa-braille icon_text_icon qode_icon_stack_1x\" style=\"font-size: 30px;\" ><\/i><\/span><\/div><\/div><div class=\"icon_text_holder\"><div class=\"icon_title_inner_holder\"><h3 class=\"icon_title \" style=\"color: #562c70;\">CONCEPT<\/h3><\/div><div class=\"icon_text_inner\"><p style=''><\/p><\/div><\/div><\/div>[vc_column_text]<\/p>\n<p style=\"text-align: center;\">D\u00e9finir l\u2019offre: soins, USP, technologie<\/p>\n<p style=\"text-align: center;\">Offre tarifaire: comp\u00e9tition, march\u00e9<\/p>\n<p style=\"text-align: center;\">Types de revenus: soins, produits, abonnements, cures\u2026<\/p>\n<p>[\/vc_column_text][vc_single_image image=\u00a0\u00bb275&Prime; img_size=\u00a0\u00bbfull\u00a0\u00bb alignment=\u00a0\u00bbcenter\u00a0\u00bb qode_hover_animation=\u00a0\u00bb\u00a0\u00bb qode_css_animation=\u00a0\u00bb\u00a0\u00bb][vc_separator type=\u00a0\u00bbtransparent\u00a0\u00bb thickness=\u00a0\u00bb30&Prime; up_style=\u00a0\u00bbpx\u00a0\u00bb down_style=\u00a0\u00bbpx\u00a0\u00bb][\/vc_column][vc_column width=\u00a0\u00bb1\/3&Prime;]<div class='q_icon_with_title tiny circle center animation_zoom' data-icon-hover-color=#643ea3 data-icon-hover-background-color=#ffffff ><div class=\"icon_holder q_icon_animation \" style=\" \"><div class=\"icon_holder_inner\"><span class=\"qode_icon_stack qode_tiny_icon  custom-font\" style=\"font-size: 30px;color: #562c70;border-color: #562c70;background-color: #ffffff;border-width: 3px;\"><i class=\"qode_icon_font_awesome fa fa-usd icon_text_icon qode_icon_stack_1x\" style=\"font-size: 30px;\" ><\/i><\/span><\/div><\/div><div class=\"icon_text_holder\"><div class=\"icon_title_inner_holder\"><h3 class=\"icon_title \" style=\"color: #562c70;\">ANALYSE FINANCI\u00c8RE<\/h3><\/div><div class=\"icon_text_inner\"><p style=''><\/p><\/div><\/div><\/div>[vc_column_text]<\/p>\n<p style=\"text-align: center;\">Budget de pr\u00e9ouverture correct<\/p>\n<p style=\"text-align: center;\">Pr\u00e9visionnel r\u00e9aliste<\/p>\n<p style=\"text-align: center;\">Plan financier sur 10 ans<\/p>\n<p style=\"text-align: center;\">Structure RH<\/p>\n<p style=\"text-align: center;\">Plan de coupe budg\u00e9taire<\/p>\n<p>[\/vc_column_text][vc_single_image image=\u00a0\u00bb274&Prime; img_size=\u00a0\u00bbfull\u00a0\u00bb alignment=\u00a0\u00bbcenter\u00a0\u00bb qode_hover_animation=\u00a0\u00bb\u00a0\u00bb qode_css_animation=\u00a0\u00bb\u00a0\u00bb][vc_separator type=\u00a0\u00bbtransparent\u00a0\u00bb thickness=\u00a0\u00bb30&Prime; up_style=\u00a0\u00bbpx\u00a0\u00bb down_style=\u00a0\u00bbpx\u00a0\u00bb][\/vc_column][\/vc_row]<\/p>\n","protected":false},"excerpt":{"rendered":"<p>[vc_row row_type=\u00a0\u00bbrow\u00a0\u00bb use_row_as_full_screen_section=\u00a0\u00bbno\u00a0\u00bb type=\u00a0\u00bbgrid\u00a0\u00bb text_align=\u00a0\u00bbleft\u00a0\u00bb css_animation=\u00a0\u00bb\u00a0\u00bb box_shadow_on_row=\u00a0\u00bbno\u00a0\u00bb][vc_column width=\u00a0\u00bb1\/3&Prime;][vc_column_text] D\u00e9finir les besoins du march\u00e9 Choisir le positionnement S\u00e9lectionner les partenaires Etablir les besoins d\u2019investissements [\/vc_column_text][vc_single_image image=\u00a0\u00bb276&Prime; img_size=\u00a0\u00bbfull\u00a0\u00bb alignment=\u00a0\u00bbcenter\u00a0\u00bb qode_hover_animation=\u00a0\u00bb\u00a0\u00bb qode_css_animation=\u00a0\u00bb\u00a0\u00bb][vc_separator type=\u00a0\u00bbtransparent\u00a0\u00bb thickness=\u00a0\u00bb30&Prime; up_style=\u00a0\u00bbpx\u00a0\u00bb down_style=\u00a0\u00bbpx\u00a0\u00bb][\/vc_column][vc_column width=\u00a0\u00bb1\/3&Prime;][vc_column_text] D\u00e9finir l\u2019offre: soins, USP, technologie Offre tarifaire: comp\u00e9tition, march\u00e9 Types de&#8230;<\/p>\n","protected":false},"author":2,"featured_media":0,"parent":132,"menu_order":0,"comment_status":"closed","ping_status":"closed","template":"full_width.php","meta":[],"_links":{"self":[{"href":"https:\/\/wellness-asset.com\/index.php\/wp-json\/wp\/v2\/pages\/311"}],"collection":[{"href":"https:\/\/wellness-asset.com\/index.php\/wp-json\/wp\/v2\/pages"}],"about":[{"href":"https:\/\/wellness-asset.com\/index.php\/wp-json\/wp\/v2\/types\/page"}],"author":[{"embeddable":true,"href":"https:\/\/wellness-asset.com\/index.php\/wp-json\/wp\/v2\/users\/2"}],"replies":[{"embeddable":true,"href":"https:\/\/wellness-asset.com\/index.php\/wp-json\/wp\/v2\/comments?post=311"}],"version-history":[{"count":13,"href":"https:\/\/wellness-asset.com\/index.php\/wp-json\/wp\/v2\/pages\/311\/revisions"}],"predecessor-version":[{"id":596,"href":"https:\/\/wellness-asset.com\/index.php\/wp-json\/wp\/v2\/pages\/311\/revisions\/596"}],"up":[{"embeddable":true,"href":"https:\/\/wellness-asset.com\/index.php\/wp-json\/wp\/v2\/pages\/132"}],"wp:attachment":[{"href":"https:\/\/wellness-asset.com\/index.php\/wp-json\/wp\/v2\/media?parent=311"}],"curies":[{"name":"wp","href":"https:\/\/api.w.org\/{rel}","templated":true}]}}