{"id":587,"date":"2021-08-08T18:29:31","date_gmt":"2021-08-08T16:29:31","guid":{"rendered":"https:\/\/wellness-asset.com\/?page_id=587"},"modified":"2023-10-05T14:56:43","modified_gmt":"2023-10-05T12:56:43","slug":"mentions-legales","status":"publish","type":"page","link":"https:\/\/wellness-asset.com\/index.php\/fr\/mentions-legales\/","title":{"rendered":"Mentions l\u00e9gales"},"content":{"rendered":"<p>[vc_row row_type=\u00a0\u00bbrow\u00a0\u00bb use_row_as_full_screen_section=\u00a0\u00bbno\u00a0\u00bb type=\u00a0\u00bbfull_width\u00a0\u00bb text_align=\u00a0\u00bbleft\u00a0\u00bb css_animation=\u00a0\u00bb\u00a0\u00bb box_shadow_on_row=\u00a0\u00bbno\u00a0\u00bb][vc_column][vc_column_text]Le site www.wellness-asset.con est la propri\u00e9t\u00e9 exclusive de Philippe Magne, dont le si\u00e8ge social est situ\u00e9 au 39 rue de Reims, 03200 Vichy, France<\/p>\n<h3><\/h3>\n<h3>Cr\u00e9dit<\/h3>\n<p>Toute reproduction, r\u00e9\u00e9dition ou redistribution des noms ou logos, par quelque moyen que ce soit, sans autorisation pr\u00e9alable et \u00e9crite de leur titulaire concern\u00e9 est interdite par la loi. Toute repr\u00e9sentation totale ou partielle de ce site, par quelques proc\u00e9d\u00e9s que ce soient, sans autorisation expresse de Philippe Magne, est interdite et constituerait une contrefa\u00e7on sanctionn\u00e9e par les articles L335-2 et suivants du Code de la propri\u00e9t\u00e9 intellectuelle.<br \/>\nLa totalit\u00e9 du contenu de ce site est prot\u00e9g\u00e9e par un copyright \u2013 \u00a92021.<\/p>\n<h3><\/h3>\n<h3>Responsabilit\u00e9s<\/h3>\n<p>Wellness Asset ne pourra \u00eatre responsable pour quel que dommage que ce soit tant direct qu\u2019indirect, r\u00e9sultant d\u2019une information contenue sur ce site.<br \/>\nL\u2019utilisateur s\u2019engage \u00e0 ne transmettre sur ce site aucune information pouvant entra\u00eener une responsabilit\u00e9 civile ou p\u00e9nale et s\u2019engage \u00e0 ce titre \u00e0 ne pas divulguer via ce site des informations ill\u00e9gales, contraires \u00e0 l\u2019ordre public ou diffamatoires.<br \/>\nWA met tout en \u0153uvre pour offrir aux utilisateurs des informations et\/ou des outils disponibles et v\u00e9rifi\u00e9s, mais ne saurait \u00eatre tenue pour responsable des erreurs, d\u2019une absence de disponibilit\u00e9 des informations et\/ou de la pr\u00e9sence de virus sur son site.<\/p>\n<h3><\/h3>\n<h3>Responsable de la publication<\/h3>\n<p>Philippe Magne<\/p>\n<h3><\/h3>\n<h3>Cr\u00e9ation du site<\/h3>\n<p>Vl\u0430dimir D\u043er\u043esh<\/p>\n<h3><\/h3>\n<h3>Cr\u00e9dit photos<\/h3>\n<p><a href=\"http:\/\/www.istock.com\" target=\"_blank\" rel=\"noopener\">www.istock.com<\/a><br \/>\n<a href=\"http:\/\/www.shutterstock.com\" target=\"_blank\" rel=\"noopener\">www.shutterstock.com<\/a><br \/>\n<a href=\"http:\/\/www.pixabay.com\" target=\"_blank\" rel=\"noopener\">www.pixabay.com<\/a><\/p>\n<p>&nbsp;<\/p>\n<p>[\/vc_column_text][vc_column_text]<small>WELLNESS-ASSET<br \/>\nSAS &#8211; capital de 5000\u20ac &#8211; SIREN: 908 741 085 RCS Cusset<br \/>\nTVA: FR49 908741085<br \/>\n<\/small>[\/vc_column_text][vc_separator type=\u00a0\u00bbtransparent\u00a0\u00bb thickness=\u00a0\u00bb50&Prime; up_style=\u00a0\u00bbpx\u00a0\u00bb down_style=\u00a0\u00bbpx\u00a0\u00bb][\/vc_column][\/vc_row]<\/p>\n","protected":false},"excerpt":{"rendered":"<p>[vc_row row_type=\u00a0\u00bbrow\u00a0\u00bb use_row_as_full_screen_section=\u00a0\u00bbno\u00a0\u00bb type=\u00a0\u00bbfull_width\u00a0\u00bb text_align=\u00a0\u00bbleft\u00a0\u00bb css_animation=\u00a0\u00bb\u00a0\u00bb box_shadow_on_row=\u00a0\u00bbno\u00a0\u00bb][vc_column][vc_column_text]Le site www.wellness-asset.con est la propri\u00e9t\u00e9 exclusive de Philippe Magne, dont le si\u00e8ge social est situ\u00e9 au 39 rue de Reims, 03200 Vichy, France Cr\u00e9dit Toute reproduction, r\u00e9\u00e9dition ou redistribution des noms ou logos, par quelque moyen que ce&#8230;<\/p>\n","protected":false},"author":2,"featured_media":0,"parent":0,"menu_order":0,"comment_status":"closed","ping_status":"open","template":"","meta":[],"_links":{"self":[{"href":"https:\/\/wellness-asset.com\/index.php\/wp-json\/wp\/v2\/pages\/587"}],"collection":[{"href":"https:\/\/wellness-asset.com\/index.php\/wp-json\/wp\/v2\/pages"}],"about":[{"href":"https:\/\/wellness-asset.com\/index.php\/wp-json\/wp\/v2\/types\/page"}],"author":[{"embeddable":true,"href":"https:\/\/wellness-asset.com\/index.php\/wp-json\/wp\/v2\/users\/2"}],"replies":[{"embeddable":true,"href":"https:\/\/wellness-asset.com\/index.php\/wp-json\/wp\/v2\/comments?post=587"}],"version-history":[{"count":7,"href":"https:\/\/wellness-asset.com\/index.php\/wp-json\/wp\/v2\/pages\/587\/revisions"}],"predecessor-version":[{"id":628,"href":"https:\/\/wellness-asset.com\/index.php\/wp-json\/wp\/v2\/pages\/587\/revisions\/628"}],"wp:attachment":[{"href":"https:\/\/wellness-asset.com\/index.php\/wp-json\/wp\/v2\/media?parent=587"}],"curies":[{"name":"wp","href":"https:\/\/api.w.org\/{rel}","templated":true}]}}